{"id":20180,"date":"2023-11-17T12:24:44","date_gmt":"2023-11-17T11:24:44","guid":{"rendered":"https:\/\/baralivres.ma\/?post_type=product&#038;p=20180"},"modified":"2024-10-29T18:08:08","modified_gmt":"2024-10-29T17:08:08","slug":"birdies","status":"publish","type":"product","link":"https:\/\/baralivres.ma\/?product=birdies","title":{"rendered":"Birdies"},"content":{"rendered":"<p>Explorez le plaisir cr\u00e9atif avec ce livre de coloriages in\u00e9dits con\u00e7u par un artiste pour l&rsquo;Art-th\u00e9rapie. 100 motifs d\u00e9taill\u00e9s \u00e0 colorier vous attendent, mettant en sc\u00e8ne l&rsquo;envol\u00e9e des oiseaux. Symboles de libert\u00e9 et de vivacit\u00e9, ces cr\u00e9atures incarnent la joie du moment pr\u00e9sent. Comprend \u00e9galement un mini-kit de papeterie personnalisable avec papier \u00e0 lettres, \u00e9tiquettes et marque-page. Exprimez-vous infiniment avec les couleurs et plongez dans un flux cr\u00e9atif.<\/p>\n","protected":false},"excerpt":{"rendered":"<p>Livre coloriage Art-th\u00e9rapie : 100 motifs d&rsquo;oiseaux, mini-kit papeterie personnalisable. Cr\u00e9ativit\u00e9 infinie, expression color\u00e9e.<\/p>\n","protected":false},"featured_media":20184,"comment_status":"open","ping_status":"closed","template":"","meta":{"inline_featured_image":false},"product_cat":[3575],"product_tag":[],"class_list":{"0":"post-20180","1":"product","2":"type-product","3":"status-publish","4":"has-post-thumbnail","6":"product_cat-art-therapie","7":"pa_auteurs-florence-dellerie","9":"first","10":"instock","11":"shipping-taxable","12":"purchasable","13":"product-type-simple"},"_links":{"self":[{"href":"https:\/\/baralivres.ma\/index.php?rest_route=\/wp\/v2\/product\/20180","targetHints":{"allow":["GET"]}}],"collection":[{"href":"https:\/\/baralivres.ma\/index.php?rest_route=\/wp\/v2\/product"}],"about":[{"href":"https:\/\/baralivres.ma\/index.php?rest_route=\/wp\/v2\/types\/product"}],"replies":[{"embeddable":true,"href":"https:\/\/baralivres.ma\/index.php?rest_route=%2Fwp%2Fv2%2Fcomments&post=20180"}],"version-history":[{"count":1,"href":"https:\/\/baralivres.ma\/index.php?rest_route=\/wp\/v2\/product\/20180\/revisions"}],"predecessor-version":[{"id":20185,"href":"https:\/\/baralivres.ma\/index.php?rest_route=\/wp\/v2\/product\/20180\/revisions\/20185"}],"wp:featuredmedia":[{"embeddable":true,"href":"https:\/\/baralivres.ma\/index.php?rest_route=\/wp\/v2\/media\/20184"}],"wp:attachment":[{"href":"https:\/\/baralivres.ma\/index.php?rest_route=%2Fwp%2Fv2%2Fmedia&parent=20180"}],"wp:term":[{"taxonomy":"product_cat","embeddable":true,"href":"https:\/\/baralivres.ma\/index.php?rest_route=%2Fwp%2Fv2%2Fproduct_cat&post=20180"},{"taxonomy":"product_tag","embeddable":true,"href":"https:\/\/baralivres.ma\/index.php?rest_route=%2Fwp%2Fv2%2Fproduct_tag&post=20180"}],"curies":[{"name":"wp","href":"https:\/\/api.w.org\/{rel}","templated":true}]}}