{"id":20169,"date":"2023-11-17T12:19:45","date_gmt":"2023-11-17T11:19:45","guid":{"rendered":"https:\/\/baralivres.ma\/?post_type=product&#038;p=20169"},"modified":"2024-10-29T18:09:28","modified_gmt":"2024-10-29T17:09:28","slug":"les-petits-carres-dart-therapie-maneki-neko","status":"publish","type":"product","link":"https:\/\/baralivres.ma\/?product=les-petits-carres-dart-therapie-maneki-neko","title":{"rendered":"Les Petits carr\u00e9s d&rsquo;Art-th\u00e9rapie Maneki Neko"},"content":{"rendered":"<p>Explorez le plaisir de l&rsquo;expression artistique avec ce livre de coloriages in\u00e9dits, cr\u00e9\u00e9 par un artiste pour Art Th\u00e9rapie. Plongez-vous dans la coloration de 100 motifs d\u00e9taill\u00e9s, mettant en vedette les maneki neko, des adorables figurines de chat symbolisant la chance et l&rsquo;amour, v\u00eatues de costumes traditionnels japonais. En redonnant vie \u00e0 ces petites frimousses f\u00e9lines avec des couleurs vibrantes, vous invitez la chance, l&rsquo;amour et la prosp\u00e9rit\u00e9 dans votre vie. De plus, personnalisez votre exp\u00e9rience avec le mini-kit de papeterie inclus, comprenant du papier \u00e0 lettres, des \u00e9tiquettes et des marque-pages. Plongez dans un monde de cr\u00e9ativit\u00e9 infinie en explorant la palette des couleurs et laissez-vous emporter par le flux artistique. Que chaque trait de couleur soit un pas vers la r\u00e9alisation de vos souhaits.<\/p>\n","protected":false},"excerpt":{"rendered":"<p>Explorez l&rsquo;art th\u00e9rapeutique avec 100 motifs, dont les maneki neko. Mini-kit papeterie inclus. Chance, amour, prosp\u00e9rit\u00e9.<\/p>\n","protected":false},"featured_media":20173,"comment_status":"open","ping_status":"closed","template":"","meta":{"inline_featured_image":false},"product_cat":[3575],"product_tag":[],"class_list":{"0":"post-20169","1":"product","2":"type-product","3":"status-publish","4":"has-post-thumbnail","6":"product_cat-art-therapie","7":"pa_auteurs-capucine-sivignon","9":"first","10":"instock","11":"shipping-taxable","12":"purchasable","13":"product-type-simple"},"_links":{"self":[{"href":"https:\/\/baralivres.ma\/index.php?rest_route=\/wp\/v2\/product\/20169","targetHints":{"allow":["GET"]}}],"collection":[{"href":"https:\/\/baralivres.ma\/index.php?rest_route=\/wp\/v2\/product"}],"about":[{"href":"https:\/\/baralivres.ma\/index.php?rest_route=\/wp\/v2\/types\/product"}],"replies":[{"embeddable":true,"href":"https:\/\/baralivres.ma\/index.php?rest_route=%2Fwp%2Fv2%2Fcomments&post=20169"}],"version-history":[{"count":1,"href":"https:\/\/baralivres.ma\/index.php?rest_route=\/wp\/v2\/product\/20169\/revisions"}],"predecessor-version":[{"id":20174,"href":"https:\/\/baralivres.ma\/index.php?rest_route=\/wp\/v2\/product\/20169\/revisions\/20174"}],"wp:featuredmedia":[{"embeddable":true,"href":"https:\/\/baralivres.ma\/index.php?rest_route=\/wp\/v2\/media\/20173"}],"wp:attachment":[{"href":"https:\/\/baralivres.ma\/index.php?rest_route=%2Fwp%2Fv2%2Fmedia&parent=20169"}],"wp:term":[{"taxonomy":"product_cat","embeddable":true,"href":"https:\/\/baralivres.ma\/index.php?rest_route=%2Fwp%2Fv2%2Fproduct_cat&post=20169"},{"taxonomy":"product_tag","embeddable":true,"href":"https:\/\/baralivres.ma\/index.php?rest_route=%2Fwp%2Fv2%2Fproduct_tag&post=20169"}],"curies":[{"name":"wp","href":"https:\/\/api.w.org\/{rel}","templated":true}]}}