{"id":20166,"date":"2023-11-17T12:16:50","date_gmt":"2023-11-17T11:16:50","guid":{"rendered":"https:\/\/baralivres.ma\/?post_type=product&#038;p=20166"},"modified":"2024-10-29T18:09:45","modified_gmt":"2024-10-29T17:09:45","slug":"bodoni-jardins-extraordinaires","status":"publish","type":"product","link":"https:\/\/baralivres.ma\/?product=bodoni-jardins-extraordinaires","title":{"rendered":"Bodoni Jardins extraordinaires"},"content":{"rendered":"<p>Explorez des mondes naturels uniques pour r\u00e9imaginer selon votre cr\u00e9ativit\u00e9 : d\u00e9dales v\u00e9g\u00e9taux, topiaires, floraisons inspir\u00e9es. Inspirations vari\u00e9es : tulipes, roses \u00e9voquant Redout\u00e9, motifs fa\u00e7on Liberty. Papillons, oiseaux, animaux des jardins ajoutent po\u00e9sie. Relaxez-vous, cr\u00e9ez avec ces coloriages pour adultes.<\/p>\n","protected":false},"excerpt":{"rendered":"<p>Coloriages adultes : univers naturels vari\u00e9s, inspirants, d\u00e9tente cr\u00e9ative avec motifs floraux, animaux po\u00e9tiques.<\/p>\n","protected":false},"featured_media":20170,"comment_status":"open","ping_status":"closed","template":"","meta":{"inline_featured_image":false},"product_cat":[3575],"product_tag":[],"class_list":{"0":"post-20166","1":"product","2":"type-product","3":"status-publish","4":"has-post-thumbnail","6":"product_cat-art-therapie","7":"pa_auteurs-sophie-leblanc","9":"first","10":"instock","11":"shipping-taxable","12":"purchasable","13":"product-type-simple"},"_links":{"self":[{"href":"https:\/\/baralivres.ma\/index.php?rest_route=\/wp\/v2\/product\/20166","targetHints":{"allow":["GET"]}}],"collection":[{"href":"https:\/\/baralivres.ma\/index.php?rest_route=\/wp\/v2\/product"}],"about":[{"href":"https:\/\/baralivres.ma\/index.php?rest_route=\/wp\/v2\/types\/product"}],"replies":[{"embeddable":true,"href":"https:\/\/baralivres.ma\/index.php?rest_route=%2Fwp%2Fv2%2Fcomments&post=20166"}],"version-history":[{"count":1,"href":"https:\/\/baralivres.ma\/index.php?rest_route=\/wp\/v2\/product\/20166\/revisions"}],"predecessor-version":[{"id":20171,"href":"https:\/\/baralivres.ma\/index.php?rest_route=\/wp\/v2\/product\/20166\/revisions\/20171"}],"wp:featuredmedia":[{"embeddable":true,"href":"https:\/\/baralivres.ma\/index.php?rest_route=\/wp\/v2\/media\/20170"}],"wp:attachment":[{"href":"https:\/\/baralivres.ma\/index.php?rest_route=%2Fwp%2Fv2%2Fmedia&parent=20166"}],"wp:term":[{"taxonomy":"product_cat","embeddable":true,"href":"https:\/\/baralivres.ma\/index.php?rest_route=%2Fwp%2Fv2%2Fproduct_cat&post=20166"},{"taxonomy":"product_tag","embeddable":true,"href":"https:\/\/baralivres.ma\/index.php?rest_route=%2Fwp%2Fv2%2Fproduct_tag&post=20166"}],"curies":[{"name":"wp","href":"https:\/\/api.w.org\/{rel}","templated":true}]}}