{"id":20165,"date":"2023-11-17T12:16:01","date_gmt":"2023-11-17T11:16:01","guid":{"rendered":"https:\/\/baralivres.ma\/?post_type=product&#038;p=20165"},"modified":"2024-10-29T18:10:29","modified_gmt":"2024-10-29T17:10:29","slug":"les-petits-carres-dart-therapie-mandalas-fleurs","status":"publish","type":"product","link":"https:\/\/baralivres.ma\/?product=les-petits-carres-dart-therapie-mandalas-fleurs","title":{"rendered":"Les petits carr\u00e9s d&rsquo;Art-th\u00e9rapie Mandalas fleurs"},"content":{"rendered":"<p>Plongez dans la joie de cr\u00e9er avec ce livre de coloriages exclusifs, con\u00e7u par un artiste pour l&rsquo;Art-Th\u00e9rapie. Explorez 100 mandalas inspir\u00e9s de fleurs, tels que la tulipe, l&rsquo;iris, le dahlia et la rose. Personnalisez votre exp\u00e9rience avec un mini-kit de papeterie comprenant du papier \u00e0 lettres et des marque-pages. Explorez ce monde vibrant et donnez de la couleur \u00e0 votre vie.<\/p>\n","protected":false},"excerpt":{"rendered":"<p>Livre coloriages mandalas floraux, Art-Th\u00e9rapie. 100 motifs, mini-kit papeterie. Explorez, personnalisez, vivez en couleurs.<\/p>\n","protected":false},"featured_media":20167,"comment_status":"open","ping_status":"closed","template":"","meta":{"inline_featured_image":false},"product_cat":[3575],"product_tag":[],"class_list":{"0":"post-20165","1":"product","2":"type-product","3":"status-publish","4":"has-post-thumbnail","6":"product_cat-art-therapie","7":"pa_auteurs-collectif","9":"first","10":"instock","11":"shipping-taxable","12":"purchasable","13":"product-type-simple"},"_links":{"self":[{"href":"https:\/\/baralivres.ma\/index.php?rest_route=\/wp\/v2\/product\/20165","targetHints":{"allow":["GET"]}}],"collection":[{"href":"https:\/\/baralivres.ma\/index.php?rest_route=\/wp\/v2\/product"}],"about":[{"href":"https:\/\/baralivres.ma\/index.php?rest_route=\/wp\/v2\/types\/product"}],"replies":[{"embeddable":true,"href":"https:\/\/baralivres.ma\/index.php?rest_route=%2Fwp%2Fv2%2Fcomments&post=20165"}],"version-history":[{"count":1,"href":"https:\/\/baralivres.ma\/index.php?rest_route=\/wp\/v2\/product\/20165\/revisions"}],"predecessor-version":[{"id":20168,"href":"https:\/\/baralivres.ma\/index.php?rest_route=\/wp\/v2\/product\/20165\/revisions\/20168"}],"wp:featuredmedia":[{"embeddable":true,"href":"https:\/\/baralivres.ma\/index.php?rest_route=\/wp\/v2\/media\/20167"}],"wp:attachment":[{"href":"https:\/\/baralivres.ma\/index.php?rest_route=%2Fwp%2Fv2%2Fmedia&parent=20165"}],"wp:term":[{"taxonomy":"product_cat","embeddable":true,"href":"https:\/\/baralivres.ma\/index.php?rest_route=%2Fwp%2Fv2%2Fproduct_cat&post=20165"},{"taxonomy":"product_tag","embeddable":true,"href":"https:\/\/baralivres.ma\/index.php?rest_route=%2Fwp%2Fv2%2Fproduct_tag&post=20165"}],"curies":[{"name":"wp","href":"https:\/\/api.w.org\/{rel}","templated":true}]}}