{"id":20162,"date":"2023-11-17T12:11:38","date_gmt":"2023-11-17T11:11:38","guid":{"rendered":"https:\/\/baralivres.ma\/?post_type=product&#038;p=20162"},"modified":"2024-10-29T18:10:13","modified_gmt":"2024-10-29T17:10:13","slug":"les-petits-carres-dart-therapie-love-mandalas","status":"publish","type":"product","link":"https:\/\/baralivres.ma\/?product=les-petits-carres-dart-therapie-love-mandalas","title":{"rendered":"Les Petits carr\u00e9s d&rsquo;Art-th\u00e9rapie Love Mandalas"},"content":{"rendered":"<p>Red\u00e9couvrez le bonheur de l&rsquo;expression cr\u00e9ative avec ce livre de coloriages exclusifs, con\u00e7u par une artiste pour Art-Th\u00e9rapie.<\/p>\n<p>Explorez 100 motifs minutieusement d\u00e9taill\u00e9s \u00e0 colorier, allant des mandalas en forme de c\u0153ur aux couples mythiques, des adorables duos d&rsquo;animaux aux hommages \u00e0 l&rsquo;amiti\u00e9 et \u00e0 la famille. En bonus, b\u00e9n\u00e9ficiez d&rsquo;un mini-kit de papeterie \u00e0 personnaliser, comprenant du papier \u00e0 lettres, des \u00e9tiquettes et des marque-pages. C\u00e9l\u00e9brez l&rsquo;amour sous toutes ses facettes et donnez-lui vie avec une palette \u00e9clatante de couleurs !<\/p>\n","protected":false},"excerpt":{"rendered":"<p>Livre coloriages artistique Art-Th\u00e9rapie : 100 motifs, mini-kit papeterie, c\u00e9l\u00e9brez l&rsquo;amour, exprimez-vous en couleurs.<\/p>\n","protected":false},"featured_media":20163,"comment_status":"open","ping_status":"closed","template":"","meta":{"inline_featured_image":false},"product_cat":[3575],"product_tag":[],"class_list":{"0":"post-20162","1":"product","2":"type-product","3":"status-publish","4":"has-post-thumbnail","6":"product_cat-art-therapie","7":"pa_auteurs-jessica-masia","9":"first","10":"instock","11":"shipping-taxable","12":"purchasable","13":"product-type-simple"},"_links":{"self":[{"href":"https:\/\/baralivres.ma\/index.php?rest_route=\/wp\/v2\/product\/20162","targetHints":{"allow":["GET"]}}],"collection":[{"href":"https:\/\/baralivres.ma\/index.php?rest_route=\/wp\/v2\/product"}],"about":[{"href":"https:\/\/baralivres.ma\/index.php?rest_route=\/wp\/v2\/types\/product"}],"replies":[{"embeddable":true,"href":"https:\/\/baralivres.ma\/index.php?rest_route=%2Fwp%2Fv2%2Fcomments&post=20162"}],"version-history":[{"count":1,"href":"https:\/\/baralivres.ma\/index.php?rest_route=\/wp\/v2\/product\/20162\/revisions"}],"predecessor-version":[{"id":20164,"href":"https:\/\/baralivres.ma\/index.php?rest_route=\/wp\/v2\/product\/20162\/revisions\/20164"}],"wp:featuredmedia":[{"embeddable":true,"href":"https:\/\/baralivres.ma\/index.php?rest_route=\/wp\/v2\/media\/20163"}],"wp:attachment":[{"href":"https:\/\/baralivres.ma\/index.php?rest_route=%2Fwp%2Fv2%2Fmedia&parent=20162"}],"wp:term":[{"taxonomy":"product_cat","embeddable":true,"href":"https:\/\/baralivres.ma\/index.php?rest_route=%2Fwp%2Fv2%2Fproduct_cat&post=20162"},{"taxonomy":"product_tag","embeddable":true,"href":"https:\/\/baralivres.ma\/index.php?rest_route=%2Fwp%2Fv2%2Fproduct_tag&post=20162"}],"curies":[{"name":"wp","href":"https:\/\/api.w.org\/{rel}","templated":true}]}}