{"id":20158,"date":"2023-11-17T12:04:38","date_gmt":"2023-11-17T11:04:38","guid":{"rendered":"https:\/\/baralivres.ma\/?post_type=product&#038;p=20158"},"modified":"2024-10-29T18:10:46","modified_gmt":"2024-10-29T17:10:46","slug":"afrique","status":"publish","type":"product","link":"https:\/\/baralivres.ma\/?product=afrique","title":{"rendered":"Afrique"},"content":{"rendered":"<p><span>Plongez dans un univers envo\u00fbtant et l\u00e9gendaire, o\u00f9 l&rsquo;Afrique se d\u00e9voile \u00e0 travers 50 illustrations captivantes. <\/span><span>Explorez la magie des animaux mythiques de la savane, l&rsquo;authenticit\u00e9 des villages et la gr\u00e2ce des danses traditionnelles. <\/span><span>Laissez-vous transporter par les motifs g\u00e9om\u00e9triques vibrants des tissus africains. <\/span><span>\u00c0 l&rsquo;aide de crayons ou de feutres simples, accordez-vous un moment de d\u00e9tente et red\u00e9couvrez la joie de la cr\u00e9ation artistique.<\/span><\/p>\n","protected":false},"excerpt":{"rendered":"<p><span>Illustrations \u00e9voquent l&rsquo;Afrique : animaux mythiques, danses, villages, motifs tissus. <\/span><span>Cr\u00e9ez avec des crayons ou des feutres.<\/span><\/p>\n","protected":false},"featured_media":20159,"comment_status":"open","ping_status":"closed","template":"","meta":{"inline_featured_image":false},"product_cat":[3575],"product_tag":[],"class_list":{"0":"post-20158","1":"product","2":"type-product","3":"status-publish","4":"has-post-thumbnail","6":"product_cat-art-therapie","7":"pa_auteurs-geraldine-meo","9":"first","10":"instock","11":"shipping-taxable","12":"purchasable","13":"product-type-simple"},"_links":{"self":[{"href":"https:\/\/baralivres.ma\/index.php?rest_route=\/wp\/v2\/product\/20158","targetHints":{"allow":["GET"]}}],"collection":[{"href":"https:\/\/baralivres.ma\/index.php?rest_route=\/wp\/v2\/product"}],"about":[{"href":"https:\/\/baralivres.ma\/index.php?rest_route=\/wp\/v2\/types\/product"}],"replies":[{"embeddable":true,"href":"https:\/\/baralivres.ma\/index.php?rest_route=%2Fwp%2Fv2%2Fcomments&post=20158"}],"version-history":[{"count":1,"href":"https:\/\/baralivres.ma\/index.php?rest_route=\/wp\/v2\/product\/20158\/revisions"}],"predecessor-version":[{"id":20160,"href":"https:\/\/baralivres.ma\/index.php?rest_route=\/wp\/v2\/product\/20158\/revisions\/20160"}],"wp:featuredmedia":[{"embeddable":true,"href":"https:\/\/baralivres.ma\/index.php?rest_route=\/wp\/v2\/media\/20159"}],"wp:attachment":[{"href":"https:\/\/baralivres.ma\/index.php?rest_route=%2Fwp%2Fv2%2Fmedia&parent=20158"}],"wp:term":[{"taxonomy":"product_cat","embeddable":true,"href":"https:\/\/baralivres.ma\/index.php?rest_route=%2Fwp%2Fv2%2Fproduct_cat&post=20158"},{"taxonomy":"product_tag","embeddable":true,"href":"https:\/\/baralivres.ma\/index.php?rest_route=%2Fwp%2Fv2%2Fproduct_tag&post=20158"}],"curies":[{"name":"wp","href":"https:\/\/api.w.org\/{rel}","templated":true}]}}