{"id":20149,"date":"2023-11-13T17:51:35","date_gmt":"2023-11-13T16:51:35","guid":{"rendered":"https:\/\/baralivres.ma\/?post_type=product&#038;p=20149"},"modified":"2023-11-13T17:51:36","modified_gmt":"2023-11-13T16:51:36","slug":"trouvez-moi-la-solution","status":"publish","type":"product","link":"https:\/\/baralivres.ma\/?product=trouvez-moi-la-solution","title":{"rendered":"Trouvez-moi la solution !"},"content":{"rendered":"<p>R\u00e9soudre un probl\u00e8me complexe n\u00e9cessite d&rsquo;\u00e9viter certains \u00e9cueils tels que les recettes toutes faites, les biais de confirmation et les solutions pr\u00e9con\u00e7ues. L&rsquo;intuition et l&rsquo;expertise peuvent parfois mal orienter la r\u00e9flexion. Pour garantir la d\u00e9couverte d&rsquo;une solution ad\u00e9quate, trois experts en strat\u00e9gie proposent une m\u00e9thode en quatre \u00e9tapes. En s&rsquo;appuyant sur les meilleures pratiques des cabinets de conseil, les derni\u00e8res avanc\u00e9es en psychologie cognitive et des \u00e9tudes de cas concrets, ils d\u00e9taillent comment identifier, formuler et analyser un probl\u00e8me, tester des hypoth\u00e8ses, construire des arbres de questions, appliquer le design thinking pour g\u00e9n\u00e9rer des solutions innovantes, et enfin, communiquer de mani\u00e8re efficace sur les solutions \u00e9labor\u00e9es. Leur approche offre un guide pratique pour d\u00e9velopper des comp\u00e9tences avanc\u00e9es en r\u00e9solution de probl\u00e8mes. \u00c0 vous de jouer : la solution est \u00e0 port\u00e9e de main.<\/p>\n","protected":false},"excerpt":{"rendered":"<p>\u00c9vitez biais, utilisez m\u00e9thode experts: identifier, tester, cr\u00e9er, communiquer. Guide efficace pour r\u00e9soudre probl\u00e8mes.<\/p>\n","protected":false},"featured_media":20151,"comment_status":"open","ping_status":"closed","template":"","meta":{"inline_featured_image":false},"product_cat":[204,91],"product_tag":[],"class_list":{"0":"post-20149","1":"product","2":"type-product","3":"status-publish","4":"has-post-thumbnail","6":"product_cat-francais","7":"product_cat-developpement","8":"pa_auteurs-bernard-garrette-2","10":"first","11":"instock","12":"shipping-taxable","13":"purchasable","14":"product-type-simple"},"_links":{"self":[{"href":"https:\/\/baralivres.ma\/index.php?rest_route=\/wp\/v2\/product\/20149","targetHints":{"allow":["GET"]}}],"collection":[{"href":"https:\/\/baralivres.ma\/index.php?rest_route=\/wp\/v2\/product"}],"about":[{"href":"https:\/\/baralivres.ma\/index.php?rest_route=\/wp\/v2\/types\/product"}],"replies":[{"embeddable":true,"href":"https:\/\/baralivres.ma\/index.php?rest_route=%2Fwp%2Fv2%2Fcomments&post=20149"}],"version-history":[{"count":1,"href":"https:\/\/baralivres.ma\/index.php?rest_route=\/wp\/v2\/product\/20149\/revisions"}],"predecessor-version":[{"id":20152,"href":"https:\/\/baralivres.ma\/index.php?rest_route=\/wp\/v2\/product\/20149\/revisions\/20152"}],"wp:featuredmedia":[{"embeddable":true,"href":"https:\/\/baralivres.ma\/index.php?rest_route=\/wp\/v2\/media\/20151"}],"wp:attachment":[{"href":"https:\/\/baralivres.ma\/index.php?rest_route=%2Fwp%2Fv2%2Fmedia&parent=20149"}],"wp:term":[{"taxonomy":"product_cat","embeddable":true,"href":"https:\/\/baralivres.ma\/index.php?rest_route=%2Fwp%2Fv2%2Fproduct_cat&post=20149"},{"taxonomy":"product_tag","embeddable":true,"href":"https:\/\/baralivres.ma\/index.php?rest_route=%2Fwp%2Fv2%2Fproduct_tag&post=20149"}],"curies":[{"name":"wp","href":"https:\/\/api.w.org\/{rel}","templated":true}]}}