{"id":20143,"date":"2023-11-13T17:46:37","date_gmt":"2023-11-13T16:46:37","guid":{"rendered":"https:\/\/baralivres.ma\/?post_type=product&#038;p=20143"},"modified":"2023-11-13T17:49:06","modified_gmt":"2023-11-13T16:49:06","slug":"largent-a-ses-raisons-que-la-raison-ignore","status":"publish","type":"product","link":"https:\/\/baralivres.ma\/?product=largent-a-ses-raisons-que-la-raison-ignore","title":{"rendered":"L&rsquo;argent a ses raisons que la raison ignore"},"content":{"rendered":"<p>Le fait de d\u00e9penser de l&rsquo;argent est souvent associ\u00e9 \u00e0 une sensation de douleur. L&rsquo;utilisation des cartes de cr\u00e9dit peut influencer nos d\u00e9penses, et un prix \u00e9lev\u00e9 peut suffire \u00e0 nous convaincre de la valeur d&rsquo;un objet. En vacances, nous sommes parfois plus enclins \u00e0 acheter des produits plus chers. Les promotions peuvent \u00e9galement avoir un impact sur nos d\u00e9cisions financi\u00e8res. Dan Ariely et Jeff Kreisler explorent, de mani\u00e8re humoristique et instructive, les m\u00e9canismes de notre irrationalit\u00e9 en mati\u00e8re d&rsquo;argent, offrant des exemples concrets et des conseils pour surmonter nos instincts les moins judicieux et am\u00e9liorer notre gestion financi\u00e8re.<\/p>\n","protected":false},"excerpt":{"rendered":"<p>Livre explore comportement financier irrationnel, propose conseils pour surmonter instincts et am\u00e9liorer gestion financi\u00e8re.<\/p>\n","protected":false},"featured_media":20145,"comment_status":"open","ping_status":"closed","template":"","meta":{"inline_featured_image":false},"product_cat":[204,91],"product_tag":[],"class_list":{"0":"post-20143","1":"product","2":"type-product","3":"status-publish","4":"has-post-thumbnail","6":"product_cat-francais","7":"product_cat-developpement","8":"pa_auteurs-dan-ariely-2","10":"first","11":"instock","12":"shipping-taxable","13":"purchasable","14":"product-type-simple"},"_links":{"self":[{"href":"https:\/\/baralivres.ma\/index.php?rest_route=\/wp\/v2\/product\/20143","targetHints":{"allow":["GET"]}}],"collection":[{"href":"https:\/\/baralivres.ma\/index.php?rest_route=\/wp\/v2\/product"}],"about":[{"href":"https:\/\/baralivres.ma\/index.php?rest_route=\/wp\/v2\/types\/product"}],"replies":[{"embeddable":true,"href":"https:\/\/baralivres.ma\/index.php?rest_route=%2Fwp%2Fv2%2Fcomments&post=20143"}],"version-history":[{"count":1,"href":"https:\/\/baralivres.ma\/index.php?rest_route=\/wp\/v2\/product\/20143\/revisions"}],"predecessor-version":[{"id":20146,"href":"https:\/\/baralivres.ma\/index.php?rest_route=\/wp\/v2\/product\/20143\/revisions\/20146"}],"wp:featuredmedia":[{"embeddable":true,"href":"https:\/\/baralivres.ma\/index.php?rest_route=\/wp\/v2\/media\/20145"}],"wp:attachment":[{"href":"https:\/\/baralivres.ma\/index.php?rest_route=%2Fwp%2Fv2%2Fmedia&parent=20143"}],"wp:term":[{"taxonomy":"product_cat","embeddable":true,"href":"https:\/\/baralivres.ma\/index.php?rest_route=%2Fwp%2Fv2%2Fproduct_cat&post=20143"},{"taxonomy":"product_tag","embeddable":true,"href":"https:\/\/baralivres.ma\/index.php?rest_route=%2Fwp%2Fv2%2Fproduct_tag&post=20143"}],"curies":[{"name":"wp","href":"https:\/\/api.w.org\/{rel}","templated":true}]}}