{"id":20141,"date":"2023-11-13T17:46:08","date_gmt":"2023-11-13T16:46:08","guid":{"rendered":"https:\/\/baralivres.ma\/?post_type=product&#038;p=20141"},"modified":"2024-05-05T15:23:19","modified_gmt":"2024-05-05T14:23:19","slug":"comment-creer-des-leaders","status":"publish","type":"product","link":"https:\/\/baralivres.ma\/?product=comment-creer-des-leaders","title":{"rendered":"Comment cr\u00e9er des leaders"},"content":{"rendered":"<p>Face \u00e0 la d\u00e9motivation de son \u00e9quipage, le commandant Marquet, \u00e0 bord d&rsquo;un sous-marin nucl\u00e9aire, prend une d\u00e9cision audacieuse : lib\u00e9rer ses subordonn\u00e9s en leur accordant le contr\u00f4le. Cette r\u00e9volution de leadership transforme les ex\u00e9cutants en leaders autonomes et responsables. Cet ouvrage expose cette exp\u00e9rience in\u00e9dite, d\u00e9montrant que le transfert du pouvoir d\u00e9cisionnel est possible dans tous les environnements. Une le\u00e7on de management enrichie de conseils pratiques et d&rsquo;exemples concrets, adapt\u00e9e \u00e0 tous, managers, manag\u00e9s ou curieux, ind\u00e9pendamment du secteur d&rsquo;activit\u00e9.<\/p>\n","protected":false},"excerpt":{"rendered":"<p>Le commandant Marquet transforme son \u00e9quipage en leaders autonomes en d\u00e9l\u00e9guant le contr\u00f4le, une r\u00e9volution manag\u00e9riale.<\/p>\n","protected":false},"featured_media":20142,"comment_status":"open","ping_status":"closed","template":"","meta":{"inline_featured_image":false},"product_cat":[204,3675,91],"product_tag":[],"class_list":{"0":"post-20141","1":"product","2":"type-product","3":"status-publish","4":"has-post-thumbnail","6":"product_cat-francais","7":"product_cat-humains-et-productivite","8":"product_cat-developpement","9":"pa_auteurs-david-marquet","11":"first","12":"instock","13":"shipping-taxable","14":"purchasable","15":"product-type-simple"},"_links":{"self":[{"href":"https:\/\/baralivres.ma\/index.php?rest_route=\/wp\/v2\/product\/20141","targetHints":{"allow":["GET"]}}],"collection":[{"href":"https:\/\/baralivres.ma\/index.php?rest_route=\/wp\/v2\/product"}],"about":[{"href":"https:\/\/baralivres.ma\/index.php?rest_route=\/wp\/v2\/types\/product"}],"replies":[{"embeddable":true,"href":"https:\/\/baralivres.ma\/index.php?rest_route=%2Fwp%2Fv2%2Fcomments&post=20141"}],"version-history":[{"count":1,"href":"https:\/\/baralivres.ma\/index.php?rest_route=\/wp\/v2\/product\/20141\/revisions"}],"predecessor-version":[{"id":20144,"href":"https:\/\/baralivres.ma\/index.php?rest_route=\/wp\/v2\/product\/20141\/revisions\/20144"}],"wp:featuredmedia":[{"embeddable":true,"href":"https:\/\/baralivres.ma\/index.php?rest_route=\/wp\/v2\/media\/20142"}],"wp:attachment":[{"href":"https:\/\/baralivres.ma\/index.php?rest_route=%2Fwp%2Fv2%2Fmedia&parent=20141"}],"wp:term":[{"taxonomy":"product_cat","embeddable":true,"href":"https:\/\/baralivres.ma\/index.php?rest_route=%2Fwp%2Fv2%2Fproduct_cat&post=20141"},{"taxonomy":"product_tag","embeddable":true,"href":"https:\/\/baralivres.ma\/index.php?rest_route=%2Fwp%2Fv2%2Fproduct_tag&post=20141"}],"curies":[{"name":"wp","href":"https:\/\/api.w.org\/{rel}","templated":true}]}}