{"id":20137,"date":"2023-11-13T17:42:19","date_gmt":"2023-11-13T16:42:19","guid":{"rendered":"https:\/\/baralivres.ma\/?post_type=product&#038;p=20137"},"modified":"2023-11-13T17:43:30","modified_gmt":"2023-11-13T16:43:30","slug":"lenfant","status":"publish","type":"product","link":"https:\/\/baralivres.ma\/?product=lenfant","title":{"rendered":"L&rsquo;enfant"},"content":{"rendered":"<p>L&rsquo;engouement croissant pour la p\u00e9dagogie Montessori accompagne une remise en question des syst\u00e8mes \u00e9ducatifs traditionnels. Bien que le nom de sa fondatrice soit maintenant c\u00e9l\u00e8bre, il est important de red\u00e9couvrir sa parole telle qu&rsquo;elle est pr\u00e9sent\u00e9e dans son grand ouvrage de 1936, \u00ab\u00a0L&rsquo;Enfant\u00a0\u00bb. Maria Montessori expose les concepts fondamentaux de sa p\u00e9dagogie en se basant sur ses propres exp\u00e9riences, mettant en avant la notion de \u00ab\u00a0p\u00e9riodes sensibles\u00a0\u00bb et soulignant le r\u00f4le crucial de l&rsquo;adulte, de l&rsquo;environnement et du mat\u00e9riel dans le d\u00e9veloppement de l&rsquo;individu. \u00c0 travers une conversation, elle \u00e9rige les piliers d&rsquo;une p\u00e9dagogie novatrice qui, depuis la cr\u00e9ation de la premi\u00e8re \u00ab\u00a0Maison des enfants\u00a0\u00bb \u00e0 Rome en 1907, a inspir\u00e9 de nombreuses pratiques et contribu\u00e9 \u00e0 changer la perspective globale sur l&rsquo;enfance \u00e0 l&rsquo;\u00e9chelle mondiale.<\/p>\n","protected":false},"excerpt":{"rendered":"<p>Montessori, p\u00e9dagogie novatrice, respecte l&rsquo;enfant, p\u00e9riodes sensibles, r\u00f4le crucial de l&rsquo;adulte, environnement et mat\u00e9riel.<\/p>\n","protected":false},"featured_media":20139,"comment_status":"open","ping_status":"closed","template":"","meta":{"inline_featured_image":false},"product_cat":[204,91],"product_tag":[],"class_list":{"0":"post-20137","1":"product","2":"type-product","3":"status-publish","4":"has-post-thumbnail","6":"product_cat-francais","7":"product_cat-developpement","8":"pa_auteurs-maria-montessori-2","10":"first","11":"instock","12":"shipping-taxable","13":"purchasable","14":"product-type-simple"},"_links":{"self":[{"href":"https:\/\/baralivres.ma\/index.php?rest_route=\/wp\/v2\/product\/20137","targetHints":{"allow":["GET"]}}],"collection":[{"href":"https:\/\/baralivres.ma\/index.php?rest_route=\/wp\/v2\/product"}],"about":[{"href":"https:\/\/baralivres.ma\/index.php?rest_route=\/wp\/v2\/types\/product"}],"replies":[{"embeddable":true,"href":"https:\/\/baralivres.ma\/index.php?rest_route=%2Fwp%2Fv2%2Fcomments&post=20137"}],"version-history":[{"count":1,"href":"https:\/\/baralivres.ma\/index.php?rest_route=\/wp\/v2\/product\/20137\/revisions"}],"predecessor-version":[{"id":20140,"href":"https:\/\/baralivres.ma\/index.php?rest_route=\/wp\/v2\/product\/20137\/revisions\/20140"}],"wp:featuredmedia":[{"embeddable":true,"href":"https:\/\/baralivres.ma\/index.php?rest_route=\/wp\/v2\/media\/20139"}],"wp:attachment":[{"href":"https:\/\/baralivres.ma\/index.php?rest_route=%2Fwp%2Fv2%2Fmedia&parent=20137"}],"wp:term":[{"taxonomy":"product_cat","embeddable":true,"href":"https:\/\/baralivres.ma\/index.php?rest_route=%2Fwp%2Fv2%2Fproduct_cat&post=20137"},{"taxonomy":"product_tag","embeddable":true,"href":"https:\/\/baralivres.ma\/index.php?rest_route=%2Fwp%2Fv2%2Fproduct_tag&post=20137"}],"curies":[{"name":"wp","href":"https:\/\/api.w.org\/{rel}","templated":true}]}}