{"id":20123,"date":"2023-11-13T17:31:34","date_gmt":"2023-11-13T16:31:34","guid":{"rendered":"https:\/\/baralivres.ma\/?post_type=product&#038;p=20123"},"modified":"2023-11-13T17:31:34","modified_gmt":"2023-11-13T16:31:34","slug":"le-point-de-bascule","status":"publish","type":"product","link":"https:\/\/baralivres.ma\/?product=le-point-de-bascule","title":{"rendered":"Le Point de bascule"},"content":{"rendered":"<p>\u00ab\u00a0D\u00e9clencheurs\u00a0\u00bb de Malcolm Gladwell explore comment les \u00e9pid\u00e9mies id\u00e9ologiques, commerciales et sociales influencent la soci\u00e9t\u00e9. L&rsquo;auteur analyse la propagation des id\u00e9es, des tendances et des ph\u00e9nom\u00e8nes de masse en identifiant les \u00e9l\u00e9ments d\u00e9clencheurs qui les propulsent vers le succ\u00e8s. En s&rsquo;appuyant sur des exemples vari\u00e9s, Gladwell d\u00e9cortique les m\u00e9canismes derri\u00e8re le changement social, les succ\u00e8s commerciaux et les transformations culturelles. L&rsquo;id\u00e9e centrale est que certains facteurs sp\u00e9cifiques, une combinaison de circonstances et de contexte, peuvent d\u00e9clencher des ph\u00e9nom\u00e8nes qui se propagent rapidement et influent sur les comportements collectifs. L&rsquo;auteur offre ainsi une perspective fascinante sur la dynamique sociale et les forces qui fa\u00e7onnent notre monde.<\/p>\n","protected":false},"excerpt":{"rendered":"<p>\u00ab\u00a0D\u00e9clencheurs\u00a0\u00bb de Malcolm Gladwell explore les m\u00e9canismes des \u00e9pid\u00e9mies culturelles et sociales, d\u00e9voilant leurs d\u00e9clencheurs influents.<\/p>\n","protected":false},"featured_media":20124,"comment_status":"open","ping_status":"closed","template":"","meta":{"inline_featured_image":false},"product_cat":[204,91],"product_tag":[],"class_list":{"0":"post-20123","1":"product","2":"type-product","3":"status-publish","4":"has-post-thumbnail","6":"product_cat-francais","7":"product_cat-developpement","8":"pa_auteurs-malcolm-gladwell","10":"first","11":"instock","12":"shipping-taxable","13":"purchasable","14":"product-type-simple"},"_links":{"self":[{"href":"https:\/\/baralivres.ma\/index.php?rest_route=\/wp\/v2\/product\/20123","targetHints":{"allow":["GET"]}}],"collection":[{"href":"https:\/\/baralivres.ma\/index.php?rest_route=\/wp\/v2\/product"}],"about":[{"href":"https:\/\/baralivres.ma\/index.php?rest_route=\/wp\/v2\/types\/product"}],"replies":[{"embeddable":true,"href":"https:\/\/baralivres.ma\/index.php?rest_route=%2Fwp%2Fv2%2Fcomments&post=20123"}],"version-history":[{"count":1,"href":"https:\/\/baralivres.ma\/index.php?rest_route=\/wp\/v2\/product\/20123\/revisions"}],"predecessor-version":[{"id":20125,"href":"https:\/\/baralivres.ma\/index.php?rest_route=\/wp\/v2\/product\/20123\/revisions\/20125"}],"wp:featuredmedia":[{"embeddable":true,"href":"https:\/\/baralivres.ma\/index.php?rest_route=\/wp\/v2\/media\/20124"}],"wp:attachment":[{"href":"https:\/\/baralivres.ma\/index.php?rest_route=%2Fwp%2Fv2%2Fmedia&parent=20123"}],"wp:term":[{"taxonomy":"product_cat","embeddable":true,"href":"https:\/\/baralivres.ma\/index.php?rest_route=%2Fwp%2Fv2%2Fproduct_cat&post=20123"},{"taxonomy":"product_tag","embeddable":true,"href":"https:\/\/baralivres.ma\/index.php?rest_route=%2Fwp%2Fv2%2Fproduct_tag&post=20123"}],"curies":[{"name":"wp","href":"https:\/\/api.w.org\/{rel}","templated":true}]}}