{"id":20119,"date":"2023-11-13T17:27:59","date_gmt":"2023-11-13T16:27:59","guid":{"rendered":"https:\/\/baralivres.ma\/?post_type=product&#038;p=20119"},"modified":"2023-11-13T17:28:00","modified_gmt":"2023-11-13T16:28:00","slug":"tous-winners","status":"publish","type":"product","link":"https:\/\/baralivres.ma\/?product=tous-winners","title":{"rendered":"Tous winners"},"content":{"rendered":"<p>Dans son ouvrage, Malcolm Gladwell examine en profondeur les multiples \u00e9l\u00e9ments qui fa\u00e7onnent le succ\u00e8s, allant de la pratique d\u00e9lib\u00e9r\u00e9e aux circonstances fortuites. Il souligne comment des facteurs tels que la pratique intensive, la chance et d&rsquo;autres influences contribuent \u00e0 d\u00e9finir la r\u00e9ussite. En remettant en question l&rsquo;id\u00e9e que le talent seul m\u00e8ne au succ\u00e8s, Gladwell offre un mod\u00e8le de compr\u00e9hension du succ\u00e8s qui met en avant des \u00e9l\u00e9ments souvent sous-estim\u00e9s. Son livre encourage \u00e0 repenser nos approches \u00e9ducatives et institutionnelles pour maximiser le potentiel individuel, sugg\u00e9rant que des conditions propices peuvent transformer nos \u00e9coles et institutions en v\u00e9ritables p\u00e9pini\u00e8res de talents durables.<\/p>\n","protected":false},"excerpt":{"rendered":"<p>\u00ab\u00a0Outliers\u00a0\u00bb de Malcolm Gladwell explore les multiples facettes du succ\u00e8s, mettant en lumi\u00e8re la pratique, la chance, et d&rsquo;autres influences.<\/p>\n","protected":false},"featured_media":20121,"comment_status":"open","ping_status":"closed","template":"","meta":{"inline_featured_image":false},"product_cat":[204,91],"product_tag":[],"class_list":{"0":"post-20119","1":"product","2":"type-product","3":"status-publish","4":"has-post-thumbnail","6":"product_cat-francais","7":"product_cat-developpement","8":"pa_auteurs-malcolm-gladwell","10":"first","11":"instock","12":"shipping-taxable","13":"purchasable","14":"product-type-simple"},"_links":{"self":[{"href":"https:\/\/baralivres.ma\/index.php?rest_route=\/wp\/v2\/product\/20119","targetHints":{"allow":["GET"]}}],"collection":[{"href":"https:\/\/baralivres.ma\/index.php?rest_route=\/wp\/v2\/product"}],"about":[{"href":"https:\/\/baralivres.ma\/index.php?rest_route=\/wp\/v2\/types\/product"}],"replies":[{"embeddable":true,"href":"https:\/\/baralivres.ma\/index.php?rest_route=%2Fwp%2Fv2%2Fcomments&post=20119"}],"version-history":[{"count":1,"href":"https:\/\/baralivres.ma\/index.php?rest_route=\/wp\/v2\/product\/20119\/revisions"}],"predecessor-version":[{"id":20122,"href":"https:\/\/baralivres.ma\/index.php?rest_route=\/wp\/v2\/product\/20119\/revisions\/20122"}],"wp:featuredmedia":[{"embeddable":true,"href":"https:\/\/baralivres.ma\/index.php?rest_route=\/wp\/v2\/media\/20121"}],"wp:attachment":[{"href":"https:\/\/baralivres.ma\/index.php?rest_route=%2Fwp%2Fv2%2Fmedia&parent=20119"}],"wp:term":[{"taxonomy":"product_cat","embeddable":true,"href":"https:\/\/baralivres.ma\/index.php?rest_route=%2Fwp%2Fv2%2Fproduct_cat&post=20119"},{"taxonomy":"product_tag","embeddable":true,"href":"https:\/\/baralivres.ma\/index.php?rest_route=%2Fwp%2Fv2%2Fproduct_tag&post=20119"}],"curies":[{"name":"wp","href":"https:\/\/api.w.org\/{rel}","templated":true}]}}