{"id":20112,"date":"2023-11-13T17:23:17","date_gmt":"2023-11-13T16:23:17","guid":{"rendered":"https:\/\/baralivres.ma\/?post_type=product&#038;p=20112"},"modified":"2023-11-13T17:23:17","modified_gmt":"2023-11-13T16:23:17","slug":"propos-sur-le-bonheur","status":"publish","type":"product","link":"https:\/\/baralivres.ma\/?product=propos-sur-le-bonheur","title":{"rendered":"Propos sur le bonheur"},"content":{"rendered":"<p>Dans son livre, Alain propose une approche unique du bonheur en remettant en question les recettes conventionnelles. Il le pr\u00e9sente comme un apprentissage continu qui repose sur l&rsquo;effort et la sociabilit\u00e9, soulignant l&rsquo;importance de mettre \u00e0 distance les passions pour gagner en s\u00e9r\u00e9nit\u00e9. Alain invite les lecteurs \u00e0 adopter une hygi\u00e8ne de vie bas\u00e9e sur la volont\u00e9, offrant ainsi une perspective optimiste sur la r\u00e9alisation du bonheur par le biais d&rsquo;une d\u00e9marche personnelle et r\u00e9fl\u00e9chie. Sa le\u00e7on de philosophie appliqu\u00e9e se pr\u00e9sente comme une d\u00e9ambulation intellectuelle dense malgr\u00e9 la concision des propos.<\/p>\n","protected":false},"excerpt":{"rendered":"<p>Alain d\u00e9construit les recettes du bonheur, le concevant comme un apprentissage continu, soulignant effort, volont\u00e9, et sociabilit\u00e9.<\/p>\n","protected":false},"featured_media":20116,"comment_status":"open","ping_status":"closed","template":"","meta":{"inline_featured_image":false},"product_cat":[204,91],"product_tag":[],"class_list":{"0":"post-20112","1":"product","2":"type-product","3":"status-publish","4":"has-post-thumbnail","6":"product_cat-francais","7":"product_cat-developpement","8":"pa_auteurs-alain","10":"first","11":"instock","12":"shipping-taxable","13":"purchasable","14":"product-type-simple"},"_links":{"self":[{"href":"https:\/\/baralivres.ma\/index.php?rest_route=\/wp\/v2\/product\/20112","targetHints":{"allow":["GET"]}}],"collection":[{"href":"https:\/\/baralivres.ma\/index.php?rest_route=\/wp\/v2\/product"}],"about":[{"href":"https:\/\/baralivres.ma\/index.php?rest_route=\/wp\/v2\/types\/product"}],"replies":[{"embeddable":true,"href":"https:\/\/baralivres.ma\/index.php?rest_route=%2Fwp%2Fv2%2Fcomments&post=20112"}],"version-history":[{"count":1,"href":"https:\/\/baralivres.ma\/index.php?rest_route=\/wp\/v2\/product\/20112\/revisions"}],"predecessor-version":[{"id":20118,"href":"https:\/\/baralivres.ma\/index.php?rest_route=\/wp\/v2\/product\/20112\/revisions\/20118"}],"wp:featuredmedia":[{"embeddable":true,"href":"https:\/\/baralivres.ma\/index.php?rest_route=\/wp\/v2\/media\/20116"}],"wp:attachment":[{"href":"https:\/\/baralivres.ma\/index.php?rest_route=%2Fwp%2Fv2%2Fmedia&parent=20112"}],"wp:term":[{"taxonomy":"product_cat","embeddable":true,"href":"https:\/\/baralivres.ma\/index.php?rest_route=%2Fwp%2Fv2%2Fproduct_cat&post=20112"},{"taxonomy":"product_tag","embeddable":true,"href":"https:\/\/baralivres.ma\/index.php?rest_route=%2Fwp%2Fv2%2Fproduct_tag&post=20112"}],"curies":[{"name":"wp","href":"https:\/\/api.w.org\/{rel}","templated":true}]}}