{"id":20106,"date":"2023-11-13T17:17:46","date_gmt":"2023-11-13T16:17:46","guid":{"rendered":"https:\/\/baralivres.ma\/?post_type=product&#038;p=20106"},"modified":"2023-11-13T17:17:47","modified_gmt":"2023-11-13T16:17:47","slug":"pourquoi-jai-toujours-raison-et-les-autres-ont-tort","status":"publish","type":"product","link":"https:\/\/baralivres.ma\/?product=pourquoi-jai-toujours-raison-et-les-autres-ont-tort","title":{"rendered":"Pourquoi j&rsquo;ai toujours raison et les autres ont tort"},"content":{"rendered":"<p>Carol Tavris et Elliot Aronson, dans leur ouvrage, explorent le ph\u00e9nom\u00e8ne complexe de l&rsquo;auto-justification. Ils analysent comment, face \u00e0 nos mauvaises d\u00e9cisions ou id\u00e9es erron\u00e9es, nous avons tendance \u00e0 chercher des justifications, \u00e0 rejeter la faute sur autrui ou \u00e0 refuser de reconna\u00eetre nos erreurs. \u00c0 travers divers exemples concrets, les auteurs mettent en lumi\u00e8re l&rsquo;impact de ce m\u00e9canisme psychologique dans des domaines aussi vari\u00e9s que la politique, la justice, la m\u00e9decine et les relations interpersonnelles. L&rsquo;objectif de leur travail est de permettre une meilleure compr\u00e9hension de l&rsquo;auto-justification afin de ne plus \u00eatre assujetti \u00e0 ses cons\u00e9quences.<\/p>\n","protected":false},"excerpt":{"rendered":"<p>L&rsquo;auto-justification, d\u00e9voil\u00e9e par Tavris et Aronson, d\u00e9crypte comment nous justifions nos erreurs et mauvaises d\u00e9cisions.<\/p>\n","protected":false},"featured_media":20110,"comment_status":"open","ping_status":"closed","template":"","meta":{"inline_featured_image":false},"product_cat":[204,91],"product_tag":[],"class_list":{"0":"post-20106","1":"product","2":"type-product","3":"status-publish","4":"has-post-thumbnail","6":"product_cat-francais","7":"product_cat-developpement","8":"pa_auteurs-elliot-aronson","10":"first","11":"instock","12":"shipping-taxable","13":"purchasable","14":"product-type-simple"},"_links":{"self":[{"href":"https:\/\/baralivres.ma\/index.php?rest_route=\/wp\/v2\/product\/20106","targetHints":{"allow":["GET"]}}],"collection":[{"href":"https:\/\/baralivres.ma\/index.php?rest_route=\/wp\/v2\/product"}],"about":[{"href":"https:\/\/baralivres.ma\/index.php?rest_route=\/wp\/v2\/types\/product"}],"replies":[{"embeddable":true,"href":"https:\/\/baralivres.ma\/index.php?rest_route=%2Fwp%2Fv2%2Fcomments&post=20106"}],"version-history":[{"count":1,"href":"https:\/\/baralivres.ma\/index.php?rest_route=\/wp\/v2\/product\/20106\/revisions"}],"predecessor-version":[{"id":20111,"href":"https:\/\/baralivres.ma\/index.php?rest_route=\/wp\/v2\/product\/20106\/revisions\/20111"}],"wp:featuredmedia":[{"embeddable":true,"href":"https:\/\/baralivres.ma\/index.php?rest_route=\/wp\/v2\/media\/20110"}],"wp:attachment":[{"href":"https:\/\/baralivres.ma\/index.php?rest_route=%2Fwp%2Fv2%2Fmedia&parent=20106"}],"wp:term":[{"taxonomy":"product_cat","embeddable":true,"href":"https:\/\/baralivres.ma\/index.php?rest_route=%2Fwp%2Fv2%2Fproduct_cat&post=20106"},{"taxonomy":"product_tag","embeddable":true,"href":"https:\/\/baralivres.ma\/index.php?rest_route=%2Fwp%2Fv2%2Fproduct_tag&post=20106"}],"curies":[{"name":"wp","href":"https:\/\/api.w.org\/{rel}","templated":true}]}}