{"id":20105,"date":"2023-11-13T17:15:08","date_gmt":"2023-11-13T16:15:08","guid":{"rendered":"https:\/\/baralivres.ma\/?post_type=product&#038;p=20105"},"modified":"2023-11-13T17:15:09","modified_gmt":"2023-11-13T16:15:09","slug":"cest-vraiment-moi-qui-decide","status":"publish","type":"product","link":"https:\/\/baralivres.ma\/?product=cest-vraiment-moi-qui-decide","title":{"rendered":"C&rsquo;est (vraiment ?) moi qui d\u00e9cide"},"content":{"rendered":"<p>La p\u00e9riode des soldes exerce une influence sur nos choix d&rsquo;achat en nous incitant \u00e0 acqu\u00e9rir des articles dont nous n&rsquo;avons en r\u00e9alit\u00e9 pas besoin. De m\u00eame, notre conviction selon laquelle une aspirine \u00e0 50 centimes est plus efficace qu&rsquo;une \u00e0 5 centimes r\u00e9v\u00e8le notre tendance \u00e0 la perception irrationnelle des prix. M\u00eame des individus intelligents peuvent prendre des d\u00e9cisions apparemment absurdes, car notre rationalit\u00e9 n&rsquo;est pas aussi infaillible que nous le souhaiterions. Ces manifestations d&rsquo;irrationalit\u00e9, qu&rsquo;elles concernent nos d\u00e9cisions quotidiennes ou des choix plus significatifs comme l&rsquo;achat d&rsquo;une maison, un changement professionnel ou une relation amoureuse, sont explor\u00e9es dans ce livre devenu un classique. Fond\u00e9 sur une diversit\u00e9 d&rsquo;exp\u00e9riences \u00e9clairantes, l&rsquo;ouvrage vise \u00e0 nous aider \u00e0 \u00e9viter les pi\u00e8ges de notre propre irrationalit\u00e9.<\/p>\n","protected":false},"excerpt":{"rendered":"<p>Soldes incitent achats inutiles, perception irrationnelle des prix, d\u00e9cisions absurdes, livre explore pi\u00e8ges irrationalit\u00e9.<\/p>\n","protected":false},"featured_media":20107,"comment_status":"open","ping_status":"closed","template":"","meta":{"inline_featured_image":false},"product_cat":[204,91],"product_tag":[],"class_list":{"0":"post-20105","1":"product","2":"type-product","3":"status-publish","4":"has-post-thumbnail","6":"product_cat-francais","7":"product_cat-developpement","8":"pa_auteurs-dan-ariely","10":"first","11":"instock","12":"shipping-taxable","13":"purchasable","14":"product-type-simple"},"_links":{"self":[{"href":"https:\/\/baralivres.ma\/index.php?rest_route=\/wp\/v2\/product\/20105","targetHints":{"allow":["GET"]}}],"collection":[{"href":"https:\/\/baralivres.ma\/index.php?rest_route=\/wp\/v2\/product"}],"about":[{"href":"https:\/\/baralivres.ma\/index.php?rest_route=\/wp\/v2\/types\/product"}],"replies":[{"embeddable":true,"href":"https:\/\/baralivres.ma\/index.php?rest_route=%2Fwp%2Fv2%2Fcomments&post=20105"}],"version-history":[{"count":1,"href":"https:\/\/baralivres.ma\/index.php?rest_route=\/wp\/v2\/product\/20105\/revisions"}],"predecessor-version":[{"id":20108,"href":"https:\/\/baralivres.ma\/index.php?rest_route=\/wp\/v2\/product\/20105\/revisions\/20108"}],"wp:featuredmedia":[{"embeddable":true,"href":"https:\/\/baralivres.ma\/index.php?rest_route=\/wp\/v2\/media\/20107"}],"wp:attachment":[{"href":"https:\/\/baralivres.ma\/index.php?rest_route=%2Fwp%2Fv2%2Fmedia&parent=20105"}],"wp:term":[{"taxonomy":"product_cat","embeddable":true,"href":"https:\/\/baralivres.ma\/index.php?rest_route=%2Fwp%2Fv2%2Fproduct_cat&post=20105"},{"taxonomy":"product_tag","embeddable":true,"href":"https:\/\/baralivres.ma\/index.php?rest_route=%2Fwp%2Fv2%2Fproduct_tag&post=20105"}],"curies":[{"name":"wp","href":"https:\/\/api.w.org\/{rel}","templated":true}]}}