{"id":20100,"date":"2023-11-13T17:08:22","date_gmt":"2023-11-13T16:08:22","guid":{"rendered":"https:\/\/baralivres.ma\/?post_type=product&#038;p=20100"},"modified":"2024-05-05T15:23:52","modified_gmt":"2024-05-05T14:23:52","slug":"lart-de-la-guerre","status":"publish","type":"product","link":"https:\/\/baralivres.ma\/?product=lart-de-la-guerre","title":{"rendered":"L&rsquo;Art de la guerre"},"content":{"rendered":"<p>Sun Tzu, il y a 25 si\u00e8cles, a r\u00e9dig\u00e9 \u00ab\u00a0L&rsquo;Art de la guerre\u00a0\u00bb, un trait\u00e9 strat\u00e9gique sur la victoire. La puissance, le moral, les circonstances et l&rsquo;information sont cruciaux. Ce classique offre sagesse et strat\u00e9gie, transcendant le fracas des batailles. La victoire d\u00e9pend de l&rsquo;intelligence autant que du courage. Cette \u00e9dition, \u00e9tablie par Samuel Griffith, demeure une r\u00e9f\u00e9rence mondiale gr\u00e2ce \u00e0 son riche appareil critique.<\/p>\n","protected":false},"excerpt":{"rendered":"<p>\u00ab\u00a0L&rsquo;Art de la guerre\u00a0\u00bb de Sun Tzu : strat\u00e9gie mill\u00e9naire, intelligence, victoire, sagesse transcendant le combat.<\/p>\n","protected":false},"featured_media":20103,"comment_status":"open","ping_status":"closed","template":"","meta":{"inline_featured_image":false},"product_cat":[3674,204,91],"product_tag":[],"class_list":{"0":"post-20100","1":"product","2":"type-product","3":"status-publish","4":"has-post-thumbnail","6":"product_cat-best-s","7":"product_cat-francais","8":"product_cat-developpement","9":"pa_auteurs-tzu-sun","11":"first","12":"instock","13":"shipping-taxable","14":"purchasable","15":"product-type-simple"},"_links":{"self":[{"href":"https:\/\/baralivres.ma\/index.php?rest_route=\/wp\/v2\/product\/20100","targetHints":{"allow":["GET"]}}],"collection":[{"href":"https:\/\/baralivres.ma\/index.php?rest_route=\/wp\/v2\/product"}],"about":[{"href":"https:\/\/baralivres.ma\/index.php?rest_route=\/wp\/v2\/types\/product"}],"replies":[{"embeddable":true,"href":"https:\/\/baralivres.ma\/index.php?rest_route=%2Fwp%2Fv2%2Fcomments&post=20100"}],"version-history":[{"count":1,"href":"https:\/\/baralivres.ma\/index.php?rest_route=\/wp\/v2\/product\/20100\/revisions"}],"predecessor-version":[{"id":20104,"href":"https:\/\/baralivres.ma\/index.php?rest_route=\/wp\/v2\/product\/20100\/revisions\/20104"}],"wp:featuredmedia":[{"embeddable":true,"href":"https:\/\/baralivres.ma\/index.php?rest_route=\/wp\/v2\/media\/20103"}],"wp:attachment":[{"href":"https:\/\/baralivres.ma\/index.php?rest_route=%2Fwp%2Fv2%2Fmedia&parent=20100"}],"wp:term":[{"taxonomy":"product_cat","embeddable":true,"href":"https:\/\/baralivres.ma\/index.php?rest_route=%2Fwp%2Fv2%2Fproduct_cat&post=20100"},{"taxonomy":"product_tag","embeddable":true,"href":"https:\/\/baralivres.ma\/index.php?rest_route=%2Fwp%2Fv2%2Fproduct_tag&post=20100"}],"curies":[{"name":"wp","href":"https:\/\/api.w.org\/{rel}","templated":true}]}}