{"id":20097,"date":"2023-11-13T17:04:37","date_gmt":"2023-11-13T16:04:37","guid":{"rendered":"https:\/\/baralivres.ma\/?post_type=product&#038;p=20097"},"modified":"2023-11-13T17:05:29","modified_gmt":"2023-11-13T16:05:29","slug":"toxic-data","status":"publish","type":"product","link":"https:\/\/baralivres.ma\/?product=toxic-data","title":{"rendered":"Toxic Data"},"content":{"rendered":"<p>Dans ce thriller contemporain \u00e0 lire de toute urgence pour \u00e9viter d&rsquo;en devenir la victime, l&rsquo;auteur explore les m\u00e9faits de la mont\u00e9e en puissance des r\u00e9seaux sociaux sur nos d\u00e9mocraties. Alors que le tissu social se d\u00e9chire et que les opinions sont manipul\u00e9es, les \u00e9lections deviennent instables. Les outils num\u00e9riques, bien que r\u00e9volutionnaires dans la diffusion du savoir, ont leur c\u00f4t\u00e9 obscur, offrant \u00e0 tout acteur politique ou \u00e9tatique les moyens d&rsquo;influencer massivement la population. Comment se prot\u00e9ger des manipulations et pr\u00e9server notre d\u00e9mocratie face \u00e0 cette overdose num\u00e9rique ? L&rsquo;auteur, David Chavalarias, explore notre vuln\u00e9rabilit\u00e9 face \u00e0 cette nouvelle \u00e8re num\u00e9rique tout en proposant des solutions concr\u00e8tes, tant \u00e0 l&rsquo;\u00e9chelle individuelle que collective, pour contrer les ravages de l&rsquo;action des g\u00e9ants du num\u00e9rique (GAFAM) dans notre quotidien.<\/p>\n","protected":false},"excerpt":{"rendered":"<p>Thriller contemporain mettant en garde contre la manipulation num\u00e9rique, offrant solutions individuelles et collectives.<\/p>\n","protected":false},"featured_media":20101,"comment_status":"open","ping_status":"closed","template":"","meta":{"inline_featured_image":false},"product_cat":[204,91],"product_tag":[],"class_list":{"0":"post-20097","1":"product","2":"type-product","3":"status-publish","4":"has-post-thumbnail","6":"product_cat-francais","7":"product_cat-developpement","8":"pa_auteurs-david-chavalarias-2","10":"first","11":"instock","12":"shipping-taxable","13":"purchasable","14":"product-type-simple"},"_links":{"self":[{"href":"https:\/\/baralivres.ma\/index.php?rest_route=\/wp\/v2\/product\/20097","targetHints":{"allow":["GET"]}}],"collection":[{"href":"https:\/\/baralivres.ma\/index.php?rest_route=\/wp\/v2\/product"}],"about":[{"href":"https:\/\/baralivres.ma\/index.php?rest_route=\/wp\/v2\/types\/product"}],"replies":[{"embeddable":true,"href":"https:\/\/baralivres.ma\/index.php?rest_route=%2Fwp%2Fv2%2Fcomments&post=20097"}],"version-history":[{"count":1,"href":"https:\/\/baralivres.ma\/index.php?rest_route=\/wp\/v2\/product\/20097\/revisions"}],"predecessor-version":[{"id":20102,"href":"https:\/\/baralivres.ma\/index.php?rest_route=\/wp\/v2\/product\/20097\/revisions\/20102"}],"wp:featuredmedia":[{"embeddable":true,"href":"https:\/\/baralivres.ma\/index.php?rest_route=\/wp\/v2\/media\/20101"}],"wp:attachment":[{"href":"https:\/\/baralivres.ma\/index.php?rest_route=%2Fwp%2Fv2%2Fmedia&parent=20097"}],"wp:term":[{"taxonomy":"product_cat","embeddable":true,"href":"https:\/\/baralivres.ma\/index.php?rest_route=%2Fwp%2Fv2%2Fproduct_cat&post=20097"},{"taxonomy":"product_tag","embeddable":true,"href":"https:\/\/baralivres.ma\/index.php?rest_route=%2Fwp%2Fv2%2Fproduct_tag&post=20097"}],"curies":[{"name":"wp","href":"https:\/\/api.w.org\/{rel}","templated":true}]}}