{"id":20094,"date":"2023-11-13T17:04:18","date_gmt":"2023-11-13T16:04:18","guid":{"rendered":"https:\/\/baralivres.ma\/?post_type=product&#038;p=20094"},"modified":"2023-11-13T17:04:19","modified_gmt":"2023-11-13T16:04:19","slug":"la-longue-traine","status":"publish","type":"product","link":"https:\/\/baralivres.ma\/?product=la-longue-traine","title":{"rendered":"La longue tra\u00eene"},"content":{"rendered":"<p>Dans cet ouvrage visionnaire devenu un incontournable, Chris Anderson explore l&rsquo;impact d&rsquo;Internet sur l&rsquo;\u00e9conomie, soulignant son influence sur l&rsquo;abondance des produits et la transformation des mod\u00e8les commerciaux. Gr\u00e2ce \u00e0 la r\u00e9duction des co\u00fbts, l&rsquo;\u00e9conomie de la \u00ab\u00a0longue tra\u00eene\u00a0\u00bb \u00e9merge, offrant de nouvelles opportunit\u00e9s aux entreprises qui savent exploiter ce ph\u00e9nom\u00e8ne.<\/p>\n","protected":false},"excerpt":{"rendered":"<p>\u00ab\u00a0La Longue Tra\u00eene\u00a0\u00bb de Chris Anderson explore l&rsquo;\u00e9conomie num\u00e9rique, o\u00f9 la diversit\u00e9 des niches d\u00e9tr\u00f4ne les best-sellers.<\/p>\n","protected":false},"featured_media":20098,"comment_status":"open","ping_status":"closed","template":"","meta":{"inline_featured_image":false},"product_cat":[204,91],"product_tag":[],"class_list":{"0":"post-20094","1":"product","2":"type-product","3":"status-publish","4":"has-post-thumbnail","6":"product_cat-francais","7":"product_cat-developpement","8":"pa_auteurs-chris-anderson","10":"first","11":"instock","12":"shipping-taxable","13":"purchasable","14":"product-type-simple"},"_links":{"self":[{"href":"https:\/\/baralivres.ma\/index.php?rest_route=\/wp\/v2\/product\/20094","targetHints":{"allow":["GET"]}}],"collection":[{"href":"https:\/\/baralivres.ma\/index.php?rest_route=\/wp\/v2\/product"}],"about":[{"href":"https:\/\/baralivres.ma\/index.php?rest_route=\/wp\/v2\/types\/product"}],"replies":[{"embeddable":true,"href":"https:\/\/baralivres.ma\/index.php?rest_route=%2Fwp%2Fv2%2Fcomments&post=20094"}],"version-history":[{"count":1,"href":"https:\/\/baralivres.ma\/index.php?rest_route=\/wp\/v2\/product\/20094\/revisions"}],"predecessor-version":[{"id":20099,"href":"https:\/\/baralivres.ma\/index.php?rest_route=\/wp\/v2\/product\/20094\/revisions\/20099"}],"wp:featuredmedia":[{"embeddable":true,"href":"https:\/\/baralivres.ma\/index.php?rest_route=\/wp\/v2\/media\/20098"}],"wp:attachment":[{"href":"https:\/\/baralivres.ma\/index.php?rest_route=%2Fwp%2Fv2%2Fmedia&parent=20094"}],"wp:term":[{"taxonomy":"product_cat","embeddable":true,"href":"https:\/\/baralivres.ma\/index.php?rest_route=%2Fwp%2Fv2%2Fproduct_cat&post=20094"},{"taxonomy":"product_tag","embeddable":true,"href":"https:\/\/baralivres.ma\/index.php?rest_route=%2Fwp%2Fv2%2Fproduct_tag&post=20094"}],"curies":[{"name":"wp","href":"https:\/\/api.w.org\/{rel}","templated":true}]}}