{"id":20086,"date":"2023-11-13T16:55:37","date_gmt":"2023-11-13T15:55:37","guid":{"rendered":"https:\/\/baralivres.ma\/?post_type=product&#038;p=20086"},"modified":"2023-11-13T16:55:38","modified_gmt":"2023-11-13T15:55:38","slug":"factfulness","status":"publish","type":"product","link":"https:\/\/baralivres.ma\/?product=factfulness","title":{"rendered":"Factfulness"},"content":{"rendered":"<p>Nous nous consid\u00e9rons souvent comme des \u00eatres rationnels et bien inform\u00e9s, mais curieusement, nos erreurs persistent de mani\u00e8re syst\u00e9matique, particuli\u00e8rement sur les sujets que nous pensons ma\u00eetriser. Hans Rosling met en lumi\u00e8re dans son ouvrage que ces erreurs d\u00e9coulent du fonctionnement intrins\u00e8que de notre cerveau. Celui-ci nous pousse \u00e0 chercher des coupables pour tout ph\u00e9nom\u00e8ne, \u00e0 simplifier les probl\u00e8mes en les r\u00e9duisant \u00e0 des oppositions binaires, \u00e0 \u00eatre fascin\u00e9s par des chiffres impressionnants, et \u00e0 dramatiser exag\u00e9r\u00e9ment les situations (et \u00e0 en prendre plaisir). \u00c0 une \u00e9poque o\u00f9 les fausses informations prolif\u00e8rent, cet essai souligne l&rsquo;importance de se baser sur la v\u00e9rit\u00e9 des faits et des chiffres. Il nous guide dans la d\u00e9tection des biais de pens\u00e9e qui alt\u00e8rent notre perception du monde. Fondamental pour une compr\u00e9hension juste du monde qui nous entoure, Factfulness nous encourage \u00e0 adopter la saine habitude de construire nos opinions uniquement sur des donn\u00e9es tangibles.<\/p>\n","protected":false},"excerpt":{"rendered":"<p>Factfulness explore les illusions cognitives, encourageant une vision r\u00e9aliste bas\u00e9e sur des faits plut\u00f4t que des pr\u00e9jug\u00e9s.<\/p>\n","protected":false},"featured_media":20089,"comment_status":"open","ping_status":"closed","template":"","meta":{"inline_featured_image":false},"product_cat":[204,91],"product_tag":[],"class_list":{"0":"post-20086","1":"product","2":"type-product","3":"status-publish","4":"has-post-thumbnail","6":"product_cat-francais","7":"product_cat-developpement","8":"pa_auteurs-hans-rosling","10":"first","11":"instock","12":"shipping-taxable","13":"purchasable","14":"product-type-simple"},"_links":{"self":[{"href":"https:\/\/baralivres.ma\/index.php?rest_route=\/wp\/v2\/product\/20086","targetHints":{"allow":["GET"]}}],"collection":[{"href":"https:\/\/baralivres.ma\/index.php?rest_route=\/wp\/v2\/product"}],"about":[{"href":"https:\/\/baralivres.ma\/index.php?rest_route=\/wp\/v2\/types\/product"}],"replies":[{"embeddable":true,"href":"https:\/\/baralivres.ma\/index.php?rest_route=%2Fwp%2Fv2%2Fcomments&post=20086"}],"version-history":[{"count":1,"href":"https:\/\/baralivres.ma\/index.php?rest_route=\/wp\/v2\/product\/20086\/revisions"}],"predecessor-version":[{"id":20090,"href":"https:\/\/baralivres.ma\/index.php?rest_route=\/wp\/v2\/product\/20086\/revisions\/20090"}],"wp:featuredmedia":[{"embeddable":true,"href":"https:\/\/baralivres.ma\/index.php?rest_route=\/wp\/v2\/media\/20089"}],"wp:attachment":[{"href":"https:\/\/baralivres.ma\/index.php?rest_route=%2Fwp%2Fv2%2Fmedia&parent=20086"}],"wp:term":[{"taxonomy":"product_cat","embeddable":true,"href":"https:\/\/baralivres.ma\/index.php?rest_route=%2Fwp%2Fv2%2Fproduct_cat&post=20086"},{"taxonomy":"product_tag","embeddable":true,"href":"https:\/\/baralivres.ma\/index.php?rest_route=%2Fwp%2Fv2%2Fproduct_tag&post=20086"}],"curies":[{"name":"wp","href":"https:\/\/api.w.org\/{rel}","templated":true}]}}