{"id":20083,"date":"2023-11-13T16:56:53","date_gmt":"2023-11-13T15:56:53","guid":{"rendered":"https:\/\/baralivres.ma\/?post_type=product&#038;p=20083"},"modified":"2023-11-13T16:57:55","modified_gmt":"2023-11-13T15:57:55","slug":"ose-tout-le-monde-peut-devenir-entrepreneur","status":"publish","type":"product","link":"https:\/\/baralivres.ma\/?product=ose-tout-le-monde-peut-devenir-entrepreneur","title":{"rendered":"Ose ! &#8211; Tout le monde peut devenir entrepreneur"},"content":{"rendered":"<p>Alexandre Mars, entrepreneur \u00e0 succ\u00e8s en Europe et aux \u00c9tats-Unis, se livre dans son livre pour inspirer ceux qui r\u00eavent de lancer leur entreprise. Il aborde les peurs fr\u00e9quentes li\u00e9es \u00e0 cette d\u00e9marche, partage son parcours sem\u00e9 d&rsquo;obstacles et offre des conseils pratiques bas\u00e9s sur son exp\u00e9rience. L&rsquo;auteur souhaite ainsi fournir aux futurs entrepreneurs un guide pratique et motivant, une ressource qu&rsquo;il aurait aim\u00e9 avoir lui-m\u00eame lors de ses d\u00e9buts. En d\u00e9voilant les coulisses de l&rsquo;entrepreneuriat, il esp\u00e8re encourager les lecteurs \u00e0 surmonter leurs appr\u00e9hensions et \u00e0 prendre le risque de concr\u00e9tiser leurs id\u00e9es. Le livre s&rsquo;accompagne \u00e9galement de conseils pour cr\u00e9er rapidement sa propre entreprise. Alexandre Mars met en avant son engagement social \u00e0 travers Epic et Blisce, deux initiatives \u0153uvrant en faveur de la justice sociale.<\/p>\n","protected":false},"excerpt":{"rendered":"<p>\u00ab\u00a0Osez entreprendre\u00a0\u00bb d&rsquo;Alexandre Mars est un guide motivant pour les aspirants entrepreneurs, partageant conseils pratiques et exp\u00e9rience.<\/p>\n","protected":false},"featured_media":20087,"comment_status":"open","ping_status":"closed","template":"","meta":{"inline_featured_image":false},"product_cat":[204,91],"product_tag":[],"class_list":{"0":"post-20083","1":"product","2":"type-product","3":"status-publish","4":"has-post-thumbnail","6":"product_cat-francais","7":"product_cat-developpement","8":"pa_auteurs-alexandre-mars","10":"first","11":"instock","12":"shipping-taxable","13":"purchasable","14":"product-type-simple"},"_links":{"self":[{"href":"https:\/\/baralivres.ma\/index.php?rest_route=\/wp\/v2\/product\/20083","targetHints":{"allow":["GET"]}}],"collection":[{"href":"https:\/\/baralivres.ma\/index.php?rest_route=\/wp\/v2\/product"}],"about":[{"href":"https:\/\/baralivres.ma\/index.php?rest_route=\/wp\/v2\/types\/product"}],"replies":[{"embeddable":true,"href":"https:\/\/baralivres.ma\/index.php?rest_route=%2Fwp%2Fv2%2Fcomments&post=20083"}],"version-history":[{"count":1,"href":"https:\/\/baralivres.ma\/index.php?rest_route=\/wp\/v2\/product\/20083\/revisions"}],"predecessor-version":[{"id":20092,"href":"https:\/\/baralivres.ma\/index.php?rest_route=\/wp\/v2\/product\/20083\/revisions\/20092"}],"wp:featuredmedia":[{"embeddable":true,"href":"https:\/\/baralivres.ma\/index.php?rest_route=\/wp\/v2\/media\/20087"}],"wp:attachment":[{"href":"https:\/\/baralivres.ma\/index.php?rest_route=%2Fwp%2Fv2%2Fmedia&parent=20083"}],"wp:term":[{"taxonomy":"product_cat","embeddable":true,"href":"https:\/\/baralivres.ma\/index.php?rest_route=%2Fwp%2Fv2%2Fproduct_cat&post=20083"},{"taxonomy":"product_tag","embeddable":true,"href":"https:\/\/baralivres.ma\/index.php?rest_route=%2Fwp%2Fv2%2Fproduct_tag&post=20083"}],"curies":[{"name":"wp","href":"https:\/\/api.w.org\/{rel}","templated":true}]}}