{"id":20080,"date":"2023-11-13T16:52:46","date_gmt":"2023-11-13T15:52:46","guid":{"rendered":"https:\/\/baralivres.ma\/?post_type=product&#038;p=20080"},"modified":"2023-11-13T16:52:46","modified_gmt":"2023-11-13T15:52:46","slug":"notre-corps-ne-ment-jamais","status":"publish","type":"product","link":"https:\/\/baralivres.ma\/?product=notre-corps-ne-ment-jamais","title":{"rendered":"Notre corps ne ment jamais"},"content":{"rendered":"<p>Le corps humain demeure un t\u00e9moin honn\u00eate de nos exp\u00e9riences, r\u00e9v\u00e9lant sans d\u00e9tour les conflits internes entre nos sentiments r\u00e9els et nos aspirations id\u00e9alis\u00e9es. Les maladies, la d\u00e9pression, la toxicomanie, l&rsquo;anorexie, tous ces maux signalent un d\u00e9s\u00e9quilibre entre la m\u00e9moire corporelle, impr\u00e9gn\u00e9e de notre histoire parfois marqu\u00e9e par des traitements n\u00e9fastes inflig\u00e9s par nos parents, et notre esprit conditionn\u00e9 par la morale et l&rsquo;\u00e9ducation, incitant \u00e0 aimer et honorer nos parents co\u00fbte que co\u00fbte. Cet ouvrage explore ces conflits \u00e0 travers divers exemples, notamment les vies d&rsquo;\u00e9crivains renomm\u00e9s, mettant en lumi\u00e8re les cons\u00e9quences parfois tragiques. Il d\u00e9montre \u00e9galement qu&rsquo;il existe des raisons d&rsquo;esp\u00e9rer. Nous ne sommes pas condamn\u00e9s \u00e0 \u00eatre les \u00ab\u00a0bons\u00a0\u00bb enfants de parents nocifs, ni \u00e0 succomber au chantage affectif. Il revient \u00e0 notre responsabilit\u00e9 d&rsquo;\u00eatre attentifs aux signaux d&rsquo;alerte \u00e9mis par notre corps. Par ce parcours exigeant, qui nous am\u00e8ne \u00e0 revisiter notre relation avec nos parents, se dessine l&rsquo;espoir d&rsquo;une v\u00e9ritable libert\u00e9 int\u00e9rieure.<\/p>\n","protected":false},"excerpt":{"rendered":"<p>Le livre explore les conflits entre m\u00e9moire corporelle et aspirations, offrant espoir et libert\u00e9 int\u00e9rieure.<\/p>\n","protected":false},"featured_media":20084,"comment_status":"open","ping_status":"closed","template":"","meta":{"inline_featured_image":false},"product_cat":[204,91],"product_tag":[],"class_list":{"0":"post-20080","1":"product","2":"type-product","3":"status-publish","4":"has-post-thumbnail","6":"product_cat-francais","7":"product_cat-developpement","8":"pa_auteurs-alice-miller","10":"first","11":"instock","12":"shipping-taxable","13":"purchasable","14":"product-type-simple"},"_links":{"self":[{"href":"https:\/\/baralivres.ma\/index.php?rest_route=\/wp\/v2\/product\/20080","targetHints":{"allow":["GET"]}}],"collection":[{"href":"https:\/\/baralivres.ma\/index.php?rest_route=\/wp\/v2\/product"}],"about":[{"href":"https:\/\/baralivres.ma\/index.php?rest_route=\/wp\/v2\/types\/product"}],"replies":[{"embeddable":true,"href":"https:\/\/baralivres.ma\/index.php?rest_route=%2Fwp%2Fv2%2Fcomments&post=20080"}],"version-history":[{"count":1,"href":"https:\/\/baralivres.ma\/index.php?rest_route=\/wp\/v2\/product\/20080\/revisions"}],"predecessor-version":[{"id":20085,"href":"https:\/\/baralivres.ma\/index.php?rest_route=\/wp\/v2\/product\/20080\/revisions\/20085"}],"wp:featuredmedia":[{"embeddable":true,"href":"https:\/\/baralivres.ma\/index.php?rest_route=\/wp\/v2\/media\/20084"}],"wp:attachment":[{"href":"https:\/\/baralivres.ma\/index.php?rest_route=%2Fwp%2Fv2%2Fmedia&parent=20080"}],"wp:term":[{"taxonomy":"product_cat","embeddable":true,"href":"https:\/\/baralivres.ma\/index.php?rest_route=%2Fwp%2Fv2%2Fproduct_cat&post=20080"},{"taxonomy":"product_tag","embeddable":true,"href":"https:\/\/baralivres.ma\/index.php?rest_route=%2Fwp%2Fv2%2Fproduct_tag&post=20080"}],"curies":[{"name":"wp","href":"https:\/\/api.w.org\/{rel}","templated":true}]}}