{"id":20079,"date":"2023-11-13T16:52:07","date_gmt":"2023-11-13T15:52:07","guid":{"rendered":"https:\/\/baralivres.ma\/?post_type=product&#038;p=20079"},"modified":"2023-11-13T16:52:08","modified_gmt":"2023-11-13T15:52:08","slug":"la-vie-revee-dava","status":"publish","type":"product","link":"https:\/\/baralivres.ma\/?product=la-vie-revee-dava","title":{"rendered":"La vie r\u00eav\u00e9e d&rsquo;Ava"},"content":{"rendered":"<p>Ava d\u00e9cide de mettre fin aux rencontres en ligne et de faire confiance \u00e0 son instinct. Lors d&rsquo;un atelier d&rsquo;\u00e9criture impulsif, elle pense avoir trouv\u00e9 l&rsquo;homme parfait en la personne de Matt, malgr\u00e9 quelques obstacles, notamment sa vie avec des colocataires excentriques, des obligations familiales, une ex-compagne encombrante, et une aversion pour le chien d&rsquo;Ava, Harold. Entre r\u00eaves et r\u00e9alit\u00e9s, Ava devra-t-elle faire des concessions pour atteindre le bonheur esp\u00e9r\u00e9 ?<\/p>\n","protected":false},"excerpt":{"rendered":"<p>Ava quitte les rencontres en ligne pour suivre son instinct, mais la vie avec Matt pose des d\u00e9fis.<\/p>\n","protected":false},"featured_media":20081,"comment_status":"open","ping_status":"closed","template":"","meta":{"inline_featured_image":false},"product_cat":[204,91],"product_tag":[],"class_list":{"0":"post-20079","1":"product","2":"type-product","3":"status-publish","4":"has-post-thumbnail","6":"product_cat-francais","7":"product_cat-developpement","8":"pa_auteurs-sophie-kinsella","10":"first","11":"instock","12":"shipping-taxable","13":"purchasable","14":"product-type-simple"},"_links":{"self":[{"href":"https:\/\/baralivres.ma\/index.php?rest_route=\/wp\/v2\/product\/20079","targetHints":{"allow":["GET"]}}],"collection":[{"href":"https:\/\/baralivres.ma\/index.php?rest_route=\/wp\/v2\/product"}],"about":[{"href":"https:\/\/baralivres.ma\/index.php?rest_route=\/wp\/v2\/types\/product"}],"replies":[{"embeddable":true,"href":"https:\/\/baralivres.ma\/index.php?rest_route=%2Fwp%2Fv2%2Fcomments&post=20079"}],"version-history":[{"count":1,"href":"https:\/\/baralivres.ma\/index.php?rest_route=\/wp\/v2\/product\/20079\/revisions"}],"predecessor-version":[{"id":20082,"href":"https:\/\/baralivres.ma\/index.php?rest_route=\/wp\/v2\/product\/20079\/revisions\/20082"}],"wp:featuredmedia":[{"embeddable":true,"href":"https:\/\/baralivres.ma\/index.php?rest_route=\/wp\/v2\/media\/20081"}],"wp:attachment":[{"href":"https:\/\/baralivres.ma\/index.php?rest_route=%2Fwp%2Fv2%2Fmedia&parent=20079"}],"wp:term":[{"taxonomy":"product_cat","embeddable":true,"href":"https:\/\/baralivres.ma\/index.php?rest_route=%2Fwp%2Fv2%2Fproduct_cat&post=20079"},{"taxonomy":"product_tag","embeddable":true,"href":"https:\/\/baralivres.ma\/index.php?rest_route=%2Fwp%2Fv2%2Fproduct_tag&post=20079"}],"curies":[{"name":"wp","href":"https:\/\/api.w.org\/{rel}","templated":true}]}}