{"id":20073,"date":"2023-11-13T16:48:22","date_gmt":"2023-11-13T15:48:22","guid":{"rendered":"https:\/\/baralivres.ma\/?post_type=product&#038;p=20073"},"modified":"2023-11-13T16:49:46","modified_gmt":"2023-11-13T15:49:46","slug":"histoires-des-medias","status":"publish","type":"product","link":"https:\/\/baralivres.ma\/?product=histoires-des-medias","title":{"rendered":"Histoires des m\u00e9dias"},"content":{"rendered":"<p>Pendant de nombreuses p\u00e9riodes de l&rsquo;histoire, un petit groupe de personnes puissantes, qu&rsquo;elles soient souveraines, religieuses ou marchandes, d\u00e9tenait le contr\u00f4le absolu de la cr\u00e9ation \u00e0 la diffusion de l&rsquo;information. L&rsquo;\u00e9mergence d&rsquo;une information libre, diffus\u00e9e par des m\u00e9dias accessibles \u00e0 tous et produite par des professionnels \u00e0 la recherche de la v\u00e9rit\u00e9, est une \u00e9volution r\u00e9cente, surprenante et captivante. Cependant, cette avanc\u00e9e est actuellement confront\u00e9e \u00e0 des menaces consid\u00e9rables, comme l&rsquo;explique Jacques Attali. Son r\u00e9cit explore l&rsquo;histoire de la diffusion de l&rsquo;information, depuis les premi\u00e8res tentatives de communication jusqu&rsquo;aux r\u00e9seaux sociaux contemporains, en passant par la r\u00e9volution de l&rsquo;imprimerie et l&rsquo;\u00e9mergence du journalisme. Cet ouvrage, \u00e0 la fois passionnant et profond\u00e9ment politique, examine avec finesse des questions telles que la fronti\u00e8re entre distraction et information, l&rsquo;influence des fausses nouvelles et l&rsquo;avenir du journalisme.<\/p>\n","protected":false},"excerpt":{"rendered":"<p>L&rsquo;\u00e9volution de l&rsquo;information, des puissants monopolisant \u00e0 la menace actuelle, explor\u00e9e par Jacques Attali.<\/p>\n","protected":false},"featured_media":20075,"comment_status":"open","ping_status":"closed","template":"","meta":{"inline_featured_image":false},"product_cat":[204,91],"product_tag":[],"class_list":{"0":"post-20073","1":"product","2":"type-product","3":"status-publish","4":"has-post-thumbnail","6":"product_cat-francais","7":"product_cat-developpement","8":"pa_auteurs-jacques-attali-2","10":"first","11":"instock","12":"shipping-taxable","13":"purchasable","14":"product-type-simple"},"_links":{"self":[{"href":"https:\/\/baralivres.ma\/index.php?rest_route=\/wp\/v2\/product\/20073","targetHints":{"allow":["GET"]}}],"collection":[{"href":"https:\/\/baralivres.ma\/index.php?rest_route=\/wp\/v2\/product"}],"about":[{"href":"https:\/\/baralivres.ma\/index.php?rest_route=\/wp\/v2\/types\/product"}],"replies":[{"embeddable":true,"href":"https:\/\/baralivres.ma\/index.php?rest_route=%2Fwp%2Fv2%2Fcomments&post=20073"}],"version-history":[{"count":1,"href":"https:\/\/baralivres.ma\/index.php?rest_route=\/wp\/v2\/product\/20073\/revisions"}],"predecessor-version":[{"id":20076,"href":"https:\/\/baralivres.ma\/index.php?rest_route=\/wp\/v2\/product\/20073\/revisions\/20076"}],"wp:featuredmedia":[{"embeddable":true,"href":"https:\/\/baralivres.ma\/index.php?rest_route=\/wp\/v2\/media\/20075"}],"wp:attachment":[{"href":"https:\/\/baralivres.ma\/index.php?rest_route=%2Fwp%2Fv2%2Fmedia&parent=20073"}],"wp:term":[{"taxonomy":"product_cat","embeddable":true,"href":"https:\/\/baralivres.ma\/index.php?rest_route=%2Fwp%2Fv2%2Fproduct_cat&post=20073"},{"taxonomy":"product_tag","embeddable":true,"href":"https:\/\/baralivres.ma\/index.php?rest_route=%2Fwp%2Fv2%2Fproduct_tag&post=20073"}],"curies":[{"name":"wp","href":"https:\/\/api.w.org\/{rel}","templated":true}]}}