{"id":20068,"date":"2023-11-13T16:44:57","date_gmt":"2023-11-13T15:44:57","guid":{"rendered":"https:\/\/baralivres.ma\/?post_type=product&#038;p=20068"},"modified":"2023-11-13T16:44:58","modified_gmt":"2023-11-13T15:44:58","slug":"vous-allez-commettre-une-terrible-erreur","status":"publish","type":"product","link":"https:\/\/baralivres.ma\/?product=vous-allez-commettre-une-terrible-erreur","title":{"rendered":"Vous allez commettre une terrible erreur !"},"content":{"rendered":"<p>Nous prenons quotidiennement des d\u00e9cisions de mani\u00e8re presque instinctive, sans ressentir le besoin d&rsquo;adopter une approche particuli\u00e8re. Cependant, m\u00eame les individus les plus comp\u00e9tents font r\u00e9guli\u00e8rement des erreurs pr\u00e9visibles. Alors, qu&rsquo;est-ce qui caract\u00e9rise une d\u00e9cision judicieuse ? Doit-on faire confiance \u00e0 nos intuitions ? Comment rem\u00e9dier aux biais cognitifs qui nous influencent, parfois sans que nous en soyons conscients ? Dans son livre, nourri par son exp\u00e9rience et les derni\u00e8res avanc\u00e9es de l&rsquo;\u00e9conomie comportementale, Olivier Sibony examine nos erreurs les plus courantes. Il pr\u00e9sente une m\u00e9thode visant \u00e0 les \u00e9viter en exploitant l&rsquo;intelligence collective, tout en proposant des solutions concr\u00e8tes permettant \u00e0 chaque lecteur de d\u00e9velopper son propre \u00ab\u00a0art de d\u00e9cider\u00a0\u00bb. En suivant ces conseils, vous serez en mesure de prendre des d\u00e9cisions de qualit\u00e9.<\/p>\n","protected":false},"excerpt":{"rendered":"<p>Olivier Sibony explore les erreurs d\u00e9cisionnelles courantes, pr\u00e9conise l&rsquo;intelligence collective et propose des solutions pratiques.<\/p>\n","protected":false},"featured_media":20071,"comment_status":"open","ping_status":"closed","template":"","meta":{"inline_featured_image":false},"product_cat":[204,91],"product_tag":[],"class_list":{"0":"post-20068","1":"product","2":"type-product","3":"status-publish","4":"has-post-thumbnail","6":"product_cat-francais","7":"product_cat-developpement","8":"pa_auteurs-olivier-sibony","10":"first","11":"instock","12":"shipping-taxable","13":"purchasable","14":"product-type-simple"},"_links":{"self":[{"href":"https:\/\/baralivres.ma\/index.php?rest_route=\/wp\/v2\/product\/20068","targetHints":{"allow":["GET"]}}],"collection":[{"href":"https:\/\/baralivres.ma\/index.php?rest_route=\/wp\/v2\/product"}],"about":[{"href":"https:\/\/baralivres.ma\/index.php?rest_route=\/wp\/v2\/types\/product"}],"replies":[{"embeddable":true,"href":"https:\/\/baralivres.ma\/index.php?rest_route=%2Fwp%2Fv2%2Fcomments&post=20068"}],"version-history":[{"count":1,"href":"https:\/\/baralivres.ma\/index.php?rest_route=\/wp\/v2\/product\/20068\/revisions"}],"predecessor-version":[{"id":20072,"href":"https:\/\/baralivres.ma\/index.php?rest_route=\/wp\/v2\/product\/20068\/revisions\/20072"}],"wp:featuredmedia":[{"embeddable":true,"href":"https:\/\/baralivres.ma\/index.php?rest_route=\/wp\/v2\/media\/20071"}],"wp:attachment":[{"href":"https:\/\/baralivres.ma\/index.php?rest_route=%2Fwp%2Fv2%2Fmedia&parent=20068"}],"wp:term":[{"taxonomy":"product_cat","embeddable":true,"href":"https:\/\/baralivres.ma\/index.php?rest_route=%2Fwp%2Fv2%2Fproduct_cat&post=20068"},{"taxonomy":"product_tag","embeddable":true,"href":"https:\/\/baralivres.ma\/index.php?rest_route=%2Fwp%2Fv2%2Fproduct_tag&post=20068"}],"curies":[{"name":"wp","href":"https:\/\/api.w.org\/{rel}","templated":true}]}}