{"id":20061,"date":"2023-11-13T16:43:23","date_gmt":"2023-11-13T15:43:23","guid":{"rendered":"https:\/\/baralivres.ma\/?post_type=product&#038;p=20061"},"modified":"2023-11-13T16:45:28","modified_gmt":"2023-11-13T15:45:28","slug":"on-peut-se-dire-au-revoir-plusieurs-fois","status":"publish","type":"product","link":"https:\/\/baralivres.ma\/?product=on-peut-se-dire-au-revoir-plusieurs-fois","title":{"rendered":"On peut se dire au revoir plusieurs fois"},"content":{"rendered":"<p>Dans cet ouvrage, David Servan-Schreiber partage ses d\u00e9couvertes et son engagement en faveur de la sant\u00e9 holistique. En s&rsquo;appuyant sur des t\u00e9moignages et des exp\u00e9riences v\u00e9cues, il souligne l&rsquo;importance du lien entre le corps et l&rsquo;esprit. Que ce soit dans les relations affectives, la nutrition, la m\u00e9ditation, le sport, ou encore les m\u00e9decines compl\u00e9mentaires, Servan-Schreiber propose une approche int\u00e9grative pour surmonter la maladie, le mal-\u00eatre et la d\u00e9pression. Il encourage \u00e0 combiner les th\u00e9rapies conventionnelles et compl\u00e9mentaires pour une m\u00e9decine nouvelle, accessible \u00e0 tous.<\/p>\n<p>David Servan-Schreiber, m\u00e9decin et chercheur en neurosciences cognitives, a jou\u00e9 un r\u00f4le majeur dans la promotion de la sant\u00e9 int\u00e9grative, en conciliant pratique clinique et recherche. Il a dirig\u00e9 le centre de m\u00e9decine compl\u00e9mentaire de l&rsquo;universit\u00e9 de Pittsburgh.<\/p>\n","protected":false},"excerpt":{"rendered":"<p>David Servan-Schreiber partage sa vision holistique de la sant\u00e9, soulignant le lien corps-esprit et proposant des approches int\u00e9gratives.<\/p>\n","protected":false},"featured_media":20069,"comment_status":"open","ping_status":"closed","template":"","meta":{"inline_featured_image":false},"product_cat":[204,91],"product_tag":[],"class_list":{"0":"post-20061","1":"product","2":"type-product","3":"status-publish","4":"has-post-thumbnail","6":"product_cat-francais","7":"product_cat-developpement","8":"pa_auteurs-david-servan-schreiber","10":"first","11":"instock","12":"shipping-taxable","13":"purchasable","14":"product-type-simple"},"_links":{"self":[{"href":"https:\/\/baralivres.ma\/index.php?rest_route=\/wp\/v2\/product\/20061","targetHints":{"allow":["GET"]}}],"collection":[{"href":"https:\/\/baralivres.ma\/index.php?rest_route=\/wp\/v2\/product"}],"about":[{"href":"https:\/\/baralivres.ma\/index.php?rest_route=\/wp\/v2\/types\/product"}],"replies":[{"embeddable":true,"href":"https:\/\/baralivres.ma\/index.php?rest_route=%2Fwp%2Fv2%2Fcomments&post=20061"}],"version-history":[{"count":1,"href":"https:\/\/baralivres.ma\/index.php?rest_route=\/wp\/v2\/product\/20061\/revisions"}],"predecessor-version":[{"id":20070,"href":"https:\/\/baralivres.ma\/index.php?rest_route=\/wp\/v2\/product\/20061\/revisions\/20070"}],"wp:featuredmedia":[{"embeddable":true,"href":"https:\/\/baralivres.ma\/index.php?rest_route=\/wp\/v2\/media\/20069"}],"wp:attachment":[{"href":"https:\/\/baralivres.ma\/index.php?rest_route=%2Fwp%2Fv2%2Fmedia&parent=20061"}],"wp:term":[{"taxonomy":"product_cat","embeddable":true,"href":"https:\/\/baralivres.ma\/index.php?rest_route=%2Fwp%2Fv2%2Fproduct_cat&post=20061"},{"taxonomy":"product_tag","embeddable":true,"href":"https:\/\/baralivres.ma\/index.php?rest_route=%2Fwp%2Fv2%2Fproduct_tag&post=20061"}],"curies":[{"name":"wp","href":"https:\/\/api.w.org\/{rel}","templated":true}]}}