{"id":20050,"date":"2023-11-13T16:28:12","date_gmt":"2023-11-13T15:28:12","guid":{"rendered":"https:\/\/baralivres.ma\/?post_type=product&#038;p=20050"},"modified":"2023-11-13T16:28:13","modified_gmt":"2023-11-13T15:28:13","slug":"notre-corps-aime-la-verite","status":"publish","type":"product","link":"https:\/\/baralivres.ma\/?product=notre-corps-aime-la-verite","title":{"rendered":"Notre corps aime la v\u00e9rit\u00e9"},"content":{"rendered":"<p>\u00ab\u00a0Notre Corps Aime la V\u00e9rit\u00e9\u00a0\u00bb r\u00e9unit les enseignements de David Servan-Schreiber sur le lien essentiel corps-esprit et propose des approches int\u00e9gratives pour la sant\u00e9 et le bien-\u00eatre, combinant th\u00e9rapies conventionnelles et alternatives. Cet ouvrage, bas\u00e9 sur des exp\u00e9riences concr\u00e8tes et des t\u00e9moignages, explore divers aspects tels que les relations affectives, la nutrition, la m\u00e9ditation, le sport, et les m\u00e9decines parall\u00e8les pour aborder la maladie, le mal-\u00eatre, et la d\u00e9pression. David Servan-Schreiber, m\u00e9decin et chercheur en neurosciences cognitives, propose une vision r\u00e9volutionnaire de la m\u00e9decine accessible \u00e0 tous.<\/p>\n","protected":false},"excerpt":{"rendered":"<p>\u00ab\u00a0Rendez-vous avec l&rsquo;oubli\u00a0\u00bb explore les confins de la m\u00e9moire et de l&rsquo;oubli, r\u00e9v\u00e9lant l&rsquo;impact des \u00e9motions.<\/p>\n","protected":false},"featured_media":20053,"comment_status":"open","ping_status":"closed","template":"","meta":{"inline_featured_image":false},"product_cat":[204,91],"product_tag":[],"class_list":{"0":"post-20050","1":"product","2":"type-product","3":"status-publish","4":"has-post-thumbnail","6":"product_cat-francais","7":"product_cat-developpement","8":"pa_auteurs-david-servan-schreiber","10":"first","11":"instock","12":"shipping-taxable","13":"purchasable","14":"product-type-simple"},"_links":{"self":[{"href":"https:\/\/baralivres.ma\/index.php?rest_route=\/wp\/v2\/product\/20050","targetHints":{"allow":["GET"]}}],"collection":[{"href":"https:\/\/baralivres.ma\/index.php?rest_route=\/wp\/v2\/product"}],"about":[{"href":"https:\/\/baralivres.ma\/index.php?rest_route=\/wp\/v2\/types\/product"}],"replies":[{"embeddable":true,"href":"https:\/\/baralivres.ma\/index.php?rest_route=%2Fwp%2Fv2%2Fcomments&post=20050"}],"version-history":[{"count":1,"href":"https:\/\/baralivres.ma\/index.php?rest_route=\/wp\/v2\/product\/20050\/revisions"}],"predecessor-version":[{"id":20054,"href":"https:\/\/baralivres.ma\/index.php?rest_route=\/wp\/v2\/product\/20050\/revisions\/20054"}],"wp:featuredmedia":[{"embeddable":true,"href":"https:\/\/baralivres.ma\/index.php?rest_route=\/wp\/v2\/media\/20053"}],"wp:attachment":[{"href":"https:\/\/baralivres.ma\/index.php?rest_route=%2Fwp%2Fv2%2Fmedia&parent=20050"}],"wp:term":[{"taxonomy":"product_cat","embeddable":true,"href":"https:\/\/baralivres.ma\/index.php?rest_route=%2Fwp%2Fv2%2Fproduct_cat&post=20050"},{"taxonomy":"product_tag","embeddable":true,"href":"https:\/\/baralivres.ma\/index.php?rest_route=%2Fwp%2Fv2%2Fproduct_tag&post=20050"}],"curies":[{"name":"wp","href":"https:\/\/api.w.org\/{rel}","templated":true}]}}