{"id":20049,"date":"2023-11-13T16:26:42","date_gmt":"2023-11-13T15:26:42","guid":{"rendered":"https:\/\/baralivres.ma\/?post_type=product&#038;p=20049"},"modified":"2024-05-05T15:32:26","modified_gmt":"2024-05-05T14:32:26","slug":"poche-pour-les-nuls-la-motivation-pour-les-nuls","status":"publish","type":"product","link":"https:\/\/baralivres.ma\/?product=poche-pour-les-nuls-la-motivation-pour-les-nuls","title":{"rendered":"Poche pour les Nuls &#8211; : La Motivation Pour les nuls"},"content":{"rendered":"<p>Vous ressentez le besoin d&rsquo;un coup de pouce quotidien pour dynamiser votre vie, mais parfois la simple envie ne suffit pas \u00e0 renforcer votre d\u00e9termination ? Ce livre est sp\u00e9cialement con\u00e7u pour vous ! Que vous cherchiez \u00e0 d\u00e9marrer vos projets sans savoir par o\u00f9 commencer, \u00e0 trouver l&rsquo;\u00e9nergie n\u00e9cessaire pour pers\u00e9v\u00e9rer, ou \u00e0 obtenir les cl\u00e9s pour croire en vous et atteindre vos objectifs, ne cherchez plus. Plongez dans cet ouvrage qui vous fournira des conseils concrets, des outils simples et des techniques efficaces pour nourrir votre motivation. Que ce soit pour \u00e9voluer, changer de carri\u00e8re, promouvoir le travail d&rsquo;\u00e9quipe, am\u00e9liorer vos performances individuelles, perdre du poids, ou arr\u00eater de fumer, La Motivation pour les Nuls vous guidera pas \u00e0 pas. Apprenez \u00e0 surmonter les obstacles, \u00e0 faire le premier pas, et \u00e0 pers\u00e9v\u00e9rer sans vous d\u00e9courager. Progressivement, vous d\u00e9velopperez une motivation quotidienne pour atteindre vos objectifs et vous \u00e9panouir, car la motivation est l&rsquo;un des chemins vers le bonheur.<\/p>\n","protected":false},"excerpt":{"rendered":"<p>Guide pratique pour renforcer la motivation quotidienne, surmonter les obstacles et atteindre ses objectifs de bonheur.<\/p>\n","protected":false},"featured_media":20051,"comment_status":"open","ping_status":"closed","template":"","meta":{"inline_featured_image":false},"product_cat":[3792,204,91],"product_tag":[],"class_list":{"0":"post-20049","1":"product","2":"type-product","3":"status-publish","4":"has-post-thumbnail","6":"product_cat-pour-les-nuls","7":"product_cat-francais","8":"product_cat-developpement","9":"pa_auteurs-gillian-burn-2","11":"first","12":"instock","13":"shipping-taxable","14":"purchasable","15":"product-type-simple"},"_links":{"self":[{"href":"https:\/\/baralivres.ma\/index.php?rest_route=\/wp\/v2\/product\/20049","targetHints":{"allow":["GET"]}}],"collection":[{"href":"https:\/\/baralivres.ma\/index.php?rest_route=\/wp\/v2\/product"}],"about":[{"href":"https:\/\/baralivres.ma\/index.php?rest_route=\/wp\/v2\/types\/product"}],"replies":[{"embeddable":true,"href":"https:\/\/baralivres.ma\/index.php?rest_route=%2Fwp%2Fv2%2Fcomments&post=20049"}],"version-history":[{"count":1,"href":"https:\/\/baralivres.ma\/index.php?rest_route=\/wp\/v2\/product\/20049\/revisions"}],"predecessor-version":[{"id":20052,"href":"https:\/\/baralivres.ma\/index.php?rest_route=\/wp\/v2\/product\/20049\/revisions\/20052"}],"wp:featuredmedia":[{"embeddable":true,"href":"https:\/\/baralivres.ma\/index.php?rest_route=\/wp\/v2\/media\/20051"}],"wp:attachment":[{"href":"https:\/\/baralivres.ma\/index.php?rest_route=%2Fwp%2Fv2%2Fmedia&parent=20049"}],"wp:term":[{"taxonomy":"product_cat","embeddable":true,"href":"https:\/\/baralivres.ma\/index.php?rest_route=%2Fwp%2Fv2%2Fproduct_cat&post=20049"},{"taxonomy":"product_tag","embeddable":true,"href":"https:\/\/baralivres.ma\/index.php?rest_route=%2Fwp%2Fv2%2Fproduct_tag&post=20049"}],"curies":[{"name":"wp","href":"https:\/\/api.w.org\/{rel}","templated":true}]}}