{"id":20040,"date":"2023-11-13T16:21:20","date_gmt":"2023-11-13T15:21:20","guid":{"rendered":"https:\/\/baralivres.ma\/?post_type=product&#038;p=20040"},"modified":"2024-05-05T15:32:41","modified_gmt":"2024-05-05T14:32:41","slug":"le-management-pour-les-nuls-en-50-notions-cles","status":"publish","type":"product","link":"https:\/\/baralivres.ma\/?product=le-management-pour-les-nuls-en-50-notions-cles","title":{"rendered":"Le management pour les Nuls en 50 notions cl\u00e9s"},"content":{"rendered":"<p>Explorez l&rsquo;essentiel du management en 50 notions cl\u00e9s gr\u00e2ce \u00e0 cet ouvrage percutant de Jeremy Stubbs. Des principes fondamentaux aux r\u00e9flexes en situation de crise, en passant par la d\u00e9l\u00e9gation et la valorisation des collaborateurs, d\u00e9couvrez les bonnes pratiques du manager moderne. En abordant des concepts tels que le conflit, la bienveillance, l&rsquo;entretien, la communication, etc., l&rsquo;auteur offre une clart\u00e9 exceptionnelle pour vous guider vers la r\u00e9alisation de vos aspirations en mati\u00e8re de gestion. Que vous soyez d\u00e9butant, futur manager ou professionnel exp\u00e9riment\u00e9, adoptez un nouveau regard sur les techniques de management pour rendre votre travail, et celui de vos collaborateurs, plus facile et nettement plus efficace au quotidien.<\/p>\n","protected":false},"excerpt":{"rendered":"<p>Management simplifi\u00e9 en 50 notions cl\u00e9s. Devenez le manager id\u00e9al gr\u00e2ce aux conseils clairs de l&rsquo;auteur.<\/p>\n","protected":false},"featured_media":20047,"comment_status":"open","ping_status":"closed","template":"","meta":{"inline_featured_image":false},"product_cat":[3792,204,91],"product_tag":[],"class_list":{"0":"post-20040","1":"product","2":"type-product","3":"status-publish","4":"has-post-thumbnail","6":"product_cat-pour-les-nuls","7":"product_cat-francais","8":"product_cat-developpement","9":"pa_auteurs-jeremy-stubbs","11":"first","12":"instock","13":"shipping-taxable","14":"purchasable","15":"product-type-simple"},"_links":{"self":[{"href":"https:\/\/baralivres.ma\/index.php?rest_route=\/wp\/v2\/product\/20040","targetHints":{"allow":["GET"]}}],"collection":[{"href":"https:\/\/baralivres.ma\/index.php?rest_route=\/wp\/v2\/product"}],"about":[{"href":"https:\/\/baralivres.ma\/index.php?rest_route=\/wp\/v2\/types\/product"}],"replies":[{"embeddable":true,"href":"https:\/\/baralivres.ma\/index.php?rest_route=%2Fwp%2Fv2%2Fcomments&post=20040"}],"version-history":[{"count":1,"href":"https:\/\/baralivres.ma\/index.php?rest_route=\/wp\/v2\/product\/20040\/revisions"}],"predecessor-version":[{"id":20048,"href":"https:\/\/baralivres.ma\/index.php?rest_route=\/wp\/v2\/product\/20040\/revisions\/20048"}],"wp:featuredmedia":[{"embeddable":true,"href":"https:\/\/baralivres.ma\/index.php?rest_route=\/wp\/v2\/media\/20047"}],"wp:attachment":[{"href":"https:\/\/baralivres.ma\/index.php?rest_route=%2Fwp%2Fv2%2Fmedia&parent=20040"}],"wp:term":[{"taxonomy":"product_cat","embeddable":true,"href":"https:\/\/baralivres.ma\/index.php?rest_route=%2Fwp%2Fv2%2Fproduct_cat&post=20040"},{"taxonomy":"product_tag","embeddable":true,"href":"https:\/\/baralivres.ma\/index.php?rest_route=%2Fwp%2Fv2%2Fproduct_tag&post=20040"}],"curies":[{"name":"wp","href":"https:\/\/api.w.org\/{rel}","templated":true}]}}