{"id":20039,"date":"2023-11-13T16:10:33","date_gmt":"2023-11-13T15:10:33","guid":{"rendered":"https:\/\/baralivres.ma\/?post_type=product&#038;p=20039"},"modified":"2024-11-27T15:07:55","modified_gmt":"2024-11-27T14:07:55","slug":"le-journal-dadele","status":"publish","type":"product","link":"https:\/\/baralivres.ma\/?product=le-journal-dadele","title":{"rendered":"Le journal d&rsquo;Ad\u00e8le"},"content":{"rendered":"<p>Le jeudi 30 juillet 1914, Ad\u00e8le entame enfin l&rsquo;utilisation du journal qu&rsquo;elle a re\u00e7u comme cadeau de No\u00ebl. Ce journal devient son confident, un ami silencieux auquel elle peut d\u00e9voiler les d\u00e9tails de sa vie, partager ses espoirs, ses craintes et ses secrets. Le 1er ao\u00fbt 1914, alors qu&rsquo;elle commence \u00e0 \u00e9crire, les cloches de l&rsquo;\u00e9glise de Cr\u00e9cy retentissent bruyamment, annon\u00e7ant l&rsquo;entr\u00e9e en guerre. Comment le journal d&rsquo;Ad\u00e8le l&rsquo;aidera-t-il \u00e0 surmonter sa peur ? Ses fr\u00e8res mobilis\u00e9s survivront-ils aux horreurs du front et reviendront-ils \u00e0 la ferme ? Y aura-t-il une nouvelle rencontre avec Lucien, son filleul de guerre, s&rsquo;il obtient une permission ? Et quel sera le destin d&rsquo;Alette, sa meilleure amie ? Les ann\u00e9es s&rsquo;\u00e9coulent paisiblement dans le petit village de Bourgogne, mais sont marqu\u00e9es par les travaux des champs et les nouvelles du front. La guerre, avec son cort\u00e8ge de morts et de mutilations, afflige les soldats et affame les habitants de l&rsquo;arri\u00e8re-pays, plongeant les campagnes dans le deuil. Ad\u00e8le grandit avec le r\u00eave de devenir institutrice, aspirant \u00e0 un monde meilleur&#8230;<\/p>\n","protected":false},"excerpt":{"rendered":"<p>Ad\u00e8le, confront\u00e9e \u00e0 la Grande Guerre, partage ses espoirs, peurs et r\u00eaves dans son journal intime.<\/p>\n","protected":false},"featured_media":20042,"comment_status":"open","ping_status":"closed","template":"","meta":{"inline_featured_image":false},"product_cat":[203,204],"product_tag":[],"class_list":{"0":"post-20039","1":"product","2":"type-product","3":"status-publish","4":"has-post-thumbnail","6":"product_cat-adolescente","7":"product_cat-francais","8":"pa_auteurs-paule-du-bouchet","10":"first","11":"instock","12":"shipping-taxable","13":"purchasable","14":"product-type-simple"},"_links":{"self":[{"href":"https:\/\/baralivres.ma\/index.php?rest_route=\/wp\/v2\/product\/20039","targetHints":{"allow":["GET"]}}],"collection":[{"href":"https:\/\/baralivres.ma\/index.php?rest_route=\/wp\/v2\/product"}],"about":[{"href":"https:\/\/baralivres.ma\/index.php?rest_route=\/wp\/v2\/types\/product"}],"replies":[{"embeddable":true,"href":"https:\/\/baralivres.ma\/index.php?rest_route=%2Fwp%2Fv2%2Fcomments&post=20039"}],"version-history":[{"count":1,"href":"https:\/\/baralivres.ma\/index.php?rest_route=\/wp\/v2\/product\/20039\/revisions"}],"predecessor-version":[{"id":20043,"href":"https:\/\/baralivres.ma\/index.php?rest_route=\/wp\/v2\/product\/20039\/revisions\/20043"}],"wp:featuredmedia":[{"embeddable":true,"href":"https:\/\/baralivres.ma\/index.php?rest_route=\/wp\/v2\/media\/20042"}],"wp:attachment":[{"href":"https:\/\/baralivres.ma\/index.php?rest_route=%2Fwp%2Fv2%2Fmedia&parent=20039"}],"wp:term":[{"taxonomy":"product_cat","embeddable":true,"href":"https:\/\/baralivres.ma\/index.php?rest_route=%2Fwp%2Fv2%2Fproduct_cat&post=20039"},{"taxonomy":"product_tag","embeddable":true,"href":"https:\/\/baralivres.ma\/index.php?rest_route=%2Fwp%2Fv2%2Fproduct_tag&post=20039"}],"curies":[{"name":"wp","href":"https:\/\/api.w.org\/{rel}","templated":true}]}}