{"id":20034,"date":"2023-11-13T16:03:44","date_gmt":"2023-11-13T15:03:44","guid":{"rendered":"https:\/\/baralivres.ma\/?post_type=product&#038;p=20034"},"modified":"2024-11-27T15:08:10","modified_gmt":"2024-11-27T14:08:10","slug":"contes-choisis","status":"publish","type":"product","link":"https:\/\/baralivres.ma\/?product=contes-choisis","title":{"rendered":"Contes choisis"},"content":{"rendered":"<p>Comment peut-on \u00e9viter le loup ? Est-ce que notre destin d\u00e9pend uniquement des d\u00e9cisions des f\u00e9es ? Est-ce que le bonheur peut \u00eatre atteint simplement avec du courage et de l&rsquo;ing\u00e9niosit\u00e9 ? Les th\u00e8mes de l&rsquo;\u00e9vasion face au danger, du pouvoir des f\u00e9es sur notre destin, et de la qu\u00eate du bonheur \u00e0 travers la bravoure et l&rsquo;ing\u00e9niosit\u00e9 sont explor\u00e9s dans des contes tels que La Belle au bois dormant, Le Petit Chaperon rouge, La Barbe bleue, Le Ma\u00eetre chat ou le Chat bott\u00e9, Les f\u00e9es, Cendrillon, Riquet \u00e0 la houppe, Le Petit Poucet, et Peau d&rsquo;\u00c2ne.<\/p>\n","protected":false},"excerpt":{"rendered":"<p>Contes explorant \u00e9vasion, destin f\u00e9erique, courage, ing\u00e9niosit\u00e9 pour bonheur dans La Belle au bois dormant, etc.<\/p>\n","protected":false},"featured_media":20036,"comment_status":"open","ping_status":"closed","template":"","meta":{"inline_featured_image":false},"product_cat":[203,204],"product_tag":[],"class_list":{"0":"post-20034","1":"product","2":"type-product","3":"status-publish","4":"has-post-thumbnail","6":"product_cat-adolescente","7":"product_cat-francais","8":"pa_auteurs-charles-perrault","10":"first","11":"instock","12":"shipping-taxable","13":"purchasable","14":"product-type-simple"},"_links":{"self":[{"href":"https:\/\/baralivres.ma\/index.php?rest_route=\/wp\/v2\/product\/20034","targetHints":{"allow":["GET"]}}],"collection":[{"href":"https:\/\/baralivres.ma\/index.php?rest_route=\/wp\/v2\/product"}],"about":[{"href":"https:\/\/baralivres.ma\/index.php?rest_route=\/wp\/v2\/types\/product"}],"replies":[{"embeddable":true,"href":"https:\/\/baralivres.ma\/index.php?rest_route=%2Fwp%2Fv2%2Fcomments&post=20034"}],"version-history":[{"count":1,"href":"https:\/\/baralivres.ma\/index.php?rest_route=\/wp\/v2\/product\/20034\/revisions"}],"predecessor-version":[{"id":20038,"href":"https:\/\/baralivres.ma\/index.php?rest_route=\/wp\/v2\/product\/20034\/revisions\/20038"}],"wp:featuredmedia":[{"embeddable":true,"href":"https:\/\/baralivres.ma\/index.php?rest_route=\/wp\/v2\/media\/20036"}],"wp:attachment":[{"href":"https:\/\/baralivres.ma\/index.php?rest_route=%2Fwp%2Fv2%2Fmedia&parent=20034"}],"wp:term":[{"taxonomy":"product_cat","embeddable":true,"href":"https:\/\/baralivres.ma\/index.php?rest_route=%2Fwp%2Fv2%2Fproduct_cat&post=20034"},{"taxonomy":"product_tag","embeddable":true,"href":"https:\/\/baralivres.ma\/index.php?rest_route=%2Fwp%2Fv2%2Fproduct_tag&post=20034"}],"curies":[{"name":"wp","href":"https:\/\/api.w.org\/{rel}","templated":true}]}}