{"id":20030,"date":"2023-11-13T16:19:55","date_gmt":"2023-11-13T15:19:55","guid":{"rendered":"https:\/\/baralivres.ma\/?post_type=product&#038;p=20030"},"modified":"2023-11-13T16:19:55","modified_gmt":"2023-11-13T15:19:55","slug":"le-courage-detre-soi","status":"publish","type":"product","link":"https:\/\/baralivres.ma\/?product=le-courage-detre-soi","title":{"rendered":"Le courage d&rsquo;\u00eatre soi"},"content":{"rendered":"<p>Ce livre, m\u00ealant psychologie et spiritualit\u00e9, vous accompagne dans la surmonte des obstacles de la vie. Jacques Salom\u00e9 explore les zones d&rsquo;ombre, propose de d\u00e9passer les souffrances, et encourage \u00e0 choisir la fid\u00e9lit\u00e9 \u00e0 soi pour acc\u00e9der \u00e0 l&rsquo;esp\u00e9rance spirituelle.<\/p>\n","protected":false},"excerpt":{"rendered":"<p>Jacques Salom\u00e9 guide \u00e0 travers les d\u00e9fis, encourage \u00e0 surmonter les souffrances, choisir soi, et esp\u00e9rance spirituelle.<\/p>\n","protected":false},"featured_media":20044,"comment_status":"open","ping_status":"closed","template":"","meta":{"inline_featured_image":false},"product_cat":[204,91],"product_tag":[],"class_list":{"0":"post-20030","1":"product","2":"type-product","3":"status-publish","4":"has-post-thumbnail","6":"product_cat-francais","7":"product_cat-developpement","8":"pa_auteurs-jacques-salome","10":"first","11":"instock","12":"shipping-taxable","13":"purchasable","14":"product-type-simple"},"_links":{"self":[{"href":"https:\/\/baralivres.ma\/index.php?rest_route=\/wp\/v2\/product\/20030","targetHints":{"allow":["GET"]}}],"collection":[{"href":"https:\/\/baralivres.ma\/index.php?rest_route=\/wp\/v2\/product"}],"about":[{"href":"https:\/\/baralivres.ma\/index.php?rest_route=\/wp\/v2\/types\/product"}],"replies":[{"embeddable":true,"href":"https:\/\/baralivres.ma\/index.php?rest_route=%2Fwp%2Fv2%2Fcomments&post=20030"}],"version-history":[{"count":1,"href":"https:\/\/baralivres.ma\/index.php?rest_route=\/wp\/v2\/product\/20030\/revisions"}],"predecessor-version":[{"id":20045,"href":"https:\/\/baralivres.ma\/index.php?rest_route=\/wp\/v2\/product\/20030\/revisions\/20045"}],"wp:featuredmedia":[{"embeddable":true,"href":"https:\/\/baralivres.ma\/index.php?rest_route=\/wp\/v2\/media\/20044"}],"wp:attachment":[{"href":"https:\/\/baralivres.ma\/index.php?rest_route=%2Fwp%2Fv2%2Fmedia&parent=20030"}],"wp:term":[{"taxonomy":"product_cat","embeddable":true,"href":"https:\/\/baralivres.ma\/index.php?rest_route=%2Fwp%2Fv2%2Fproduct_cat&post=20030"},{"taxonomy":"product_tag","embeddable":true,"href":"https:\/\/baralivres.ma\/index.php?rest_route=%2Fwp%2Fv2%2Fproduct_tag&post=20030"}],"curies":[{"name":"wp","href":"https:\/\/api.w.org\/{rel}","templated":true}]}}