{"id":20021,"date":"2023-11-13T15:49:55","date_gmt":"2023-11-13T14:49:55","guid":{"rendered":"https:\/\/baralivres.ma\/?post_type=product&#038;p=20021"},"modified":"2023-11-13T15:51:35","modified_gmt":"2023-11-13T14:51:35","slug":"detox-emotionnelle","status":"publish","type":"product","link":"https:\/\/baralivres.ma\/?product=detox-emotionnelle","title":{"rendered":"D\u00e9tox \u00e9motionnelle"},"content":{"rendered":"<p>Au fil des ann\u00e9es, notre corps accumule les \u00e9motions r\u00e9prim\u00e9es et leurs \u00e9nergies n\u00e9gatives, entra\u00eenant un engorgement n\u00e9faste. Ce processus peut priver notre organisme de nombreuses ressources et, \u00e0 terme, conduire \u00e0 des probl\u00e8mes de sant\u00e9. Habib Sadeghi, m\u00e9decin \u00e9motionnel r\u00e9put\u00e9 \u00e0 Hollywood, pr\u00e9sente une approche unique du bien-\u00eatre qui vise \u00e0 d\u00e9toxifier le corps et l&rsquo;esprit des toxines \u00e9motionnelles. Sa m\u00e9thode, reconnue \u00e0 l&rsquo;\u00e9chelle mondiale, offre des conseils pr\u00e9cieux pour pr\u00e9venir la saturation \u00e9motionnelle et promouvoir un \u00e9tat de sant\u00e9 optimal.<\/p>\n<p>Cet ouvrage, traduit de l&rsquo;anglais (\u00c9tats-Unis) par Elisa Guenon, propose une perspective holistique sur la sant\u00e9 en consid\u00e9rant l&rsquo;impact des \u00e9motions sur le bien-\u00eatre physique et mental.<\/p>\n","protected":false},"excerpt":{"rendered":"<p>D\u00e9tox \u00e9motionnelle par le Dr Habib Sadeghi : lib\u00e9rez-vous des toxines \u00e9motionnelles pour un bien-\u00eatre int\u00e9gral.<\/p>\n","protected":false},"featured_media":20028,"comment_status":"open","ping_status":"closed","template":"","meta":{"inline_featured_image":false},"product_cat":[204,91],"product_tag":[],"class_list":{"0":"post-20021","1":"product","2":"type-product","3":"status-publish","4":"has-post-thumbnail","6":"product_cat-francais","7":"product_cat-developpement","8":"pa_auteurs-habib-sadeghi","10":"first","11":"instock","12":"shipping-taxable","13":"purchasable","14":"product-type-simple"},"_links":{"self":[{"href":"https:\/\/baralivres.ma\/index.php?rest_route=\/wp\/v2\/product\/20021","targetHints":{"allow":["GET"]}}],"collection":[{"href":"https:\/\/baralivres.ma\/index.php?rest_route=\/wp\/v2\/product"}],"about":[{"href":"https:\/\/baralivres.ma\/index.php?rest_route=\/wp\/v2\/types\/product"}],"replies":[{"embeddable":true,"href":"https:\/\/baralivres.ma\/index.php?rest_route=%2Fwp%2Fv2%2Fcomments&post=20021"}],"version-history":[{"count":1,"href":"https:\/\/baralivres.ma\/index.php?rest_route=\/wp\/v2\/product\/20021\/revisions"}],"predecessor-version":[{"id":20029,"href":"https:\/\/baralivres.ma\/index.php?rest_route=\/wp\/v2\/product\/20021\/revisions\/20029"}],"wp:featuredmedia":[{"embeddable":true,"href":"https:\/\/baralivres.ma\/index.php?rest_route=\/wp\/v2\/media\/20028"}],"wp:attachment":[{"href":"https:\/\/baralivres.ma\/index.php?rest_route=%2Fwp%2Fv2%2Fmedia&parent=20021"}],"wp:term":[{"taxonomy":"product_cat","embeddable":true,"href":"https:\/\/baralivres.ma\/index.php?rest_route=%2Fwp%2Fv2%2Fproduct_cat&post=20021"},{"taxonomy":"product_tag","embeddable":true,"href":"https:\/\/baralivres.ma\/index.php?rest_route=%2Fwp%2Fv2%2Fproduct_tag&post=20021"}],"curies":[{"name":"wp","href":"https:\/\/api.w.org\/{rel}","templated":true}]}}