{"id":20017,"date":"2023-11-13T15:30:38","date_gmt":"2023-11-13T14:30:38","guid":{"rendered":"https:\/\/baralivres.ma\/?post_type=product&#038;p=20017"},"modified":"2023-11-13T15:30:38","modified_gmt":"2023-11-13T14:30:38","slug":"tes-toi-quand-tu-parles","status":"publish","type":"product","link":"https:\/\/baralivres.ma\/?product=tes-toi-quand-tu-parles","title":{"rendered":"T&rsquo;es toi quand tu parles"},"content":{"rendered":"<p>Dans son ouvrage, Jacques Salom\u00e9 propose un guide complet pour ma\u00eetriser l&rsquo;art de la communication, tant dans les relations familiales que sociales. \u00c0 travers des conseils pratiques, l&rsquo;auteur, psychosociologue renomm\u00e9, met en lumi\u00e8re la \u00ab\u00a0grammaire relationnelle\u00a0\u00bb, un ensemble de r\u00e8gles permettant une communication authentique et constructive. Agr\u00e9ment\u00e9 de dessins, l&rsquo;ouvrage encourage \u00e0 d\u00e9velopper une \u00e9coute participative, cr\u00e9ant ainsi un cercle vertueux dans les relations quotidiennes. Un trait\u00e9 essentiel pour am\u00e9liorer la qualit\u00e9 des \u00e9changes et favoriser une communication harmonieuse.<\/p>\n","protected":false},"excerpt":{"rendered":"<p>Jacques Salom\u00e9 offre un guide pratique pour am\u00e9liorer la communication, favoriser l&rsquo;\u00e9coute et enrichir les relations.<\/p>\n","protected":false},"featured_media":20019,"comment_status":"open","ping_status":"closed","template":"","meta":{"inline_featured_image":false},"product_cat":[204,91],"product_tag":[],"class_list":{"0":"post-20017","1":"product","2":"type-product","3":"status-publish","4":"has-post-thumbnail","6":"product_cat-francais","7":"product_cat-developpement","8":"pa_auteurs-jacques-salome","10":"first","11":"instock","12":"shipping-taxable","13":"purchasable","14":"product-type-simple"},"_links":{"self":[{"href":"https:\/\/baralivres.ma\/index.php?rest_route=\/wp\/v2\/product\/20017","targetHints":{"allow":["GET"]}}],"collection":[{"href":"https:\/\/baralivres.ma\/index.php?rest_route=\/wp\/v2\/product"}],"about":[{"href":"https:\/\/baralivres.ma\/index.php?rest_route=\/wp\/v2\/types\/product"}],"replies":[{"embeddable":true,"href":"https:\/\/baralivres.ma\/index.php?rest_route=%2Fwp%2Fv2%2Fcomments&post=20017"}],"version-history":[{"count":1,"href":"https:\/\/baralivres.ma\/index.php?rest_route=\/wp\/v2\/product\/20017\/revisions"}],"predecessor-version":[{"id":20020,"href":"https:\/\/baralivres.ma\/index.php?rest_route=\/wp\/v2\/product\/20017\/revisions\/20020"}],"wp:featuredmedia":[{"embeddable":true,"href":"https:\/\/baralivres.ma\/index.php?rest_route=\/wp\/v2\/media\/20019"}],"wp:attachment":[{"href":"https:\/\/baralivres.ma\/index.php?rest_route=%2Fwp%2Fv2%2Fmedia&parent=20017"}],"wp:term":[{"taxonomy":"product_cat","embeddable":true,"href":"https:\/\/baralivres.ma\/index.php?rest_route=%2Fwp%2Fv2%2Fproduct_cat&post=20017"},{"taxonomy":"product_tag","embeddable":true,"href":"https:\/\/baralivres.ma\/index.php?rest_route=%2Fwp%2Fv2%2Fproduct_tag&post=20017"}],"curies":[{"name":"wp","href":"https:\/\/api.w.org\/{rel}","templated":true}]}}