{"id":20015,"date":"2023-11-13T15:47:59","date_gmt":"2023-11-13T14:47:59","guid":{"rendered":"https:\/\/baralivres.ma\/?post_type=product&#038;p=20015"},"modified":"2024-11-27T15:09:07","modified_gmt":"2024-11-27T14:09:07","slug":"sherlock-holmes-le-chien-des-baskerville","status":"publish","type":"product","link":"https:\/\/baralivres.ma\/?product=sherlock-holmes-le-chien-des-baskerville","title":{"rendered":"Sherlock Holmes &#8211; : Le chien des Baskerville"},"content":{"rendered":"<p>Un canid\u00e9 \u00e9chapp\u00e9 des abysses menace-t-il la lign\u00e9e des Baskerville ? Apr\u00e8s le d\u00e9c\u00e8s myst\u00e9rieux de sir Charles, Sherlock Holmes, le d\u00e9tective renomm\u00e9, rejette toute id\u00e9e de mort surnaturelle. Afin de sauvegarder le dernier h\u00e9ritier de cette famille maudite, Holmes s&#8217;embarque dans une aventure terrifiante en compagnie de son fid\u00e8le complice, le docteur Watson&#8230;<\/p>\n","protected":false},"excerpt":{"rendered":"<p>Sherlock Holmes d\u00e9fie une menace surnaturelle pour prot\u00e9ger le dernier h\u00e9ritier des Baskerville. Aventure terrifiante ensuit.<\/p>\n","protected":false},"featured_media":20025,"comment_status":"open","ping_status":"closed","template":"","meta":{"inline_featured_image":false},"product_cat":[203,204],"product_tag":[],"class_list":{"0":"post-20015","1":"product","2":"type-product","3":"status-publish","4":"has-post-thumbnail","6":"product_cat-adolescente","7":"product_cat-francais","8":"pa_auteurs-sir-arthur-conan-doyle","10":"first","11":"instock","12":"shipping-taxable","13":"purchasable","14":"product-type-simple"},"_links":{"self":[{"href":"https:\/\/baralivres.ma\/index.php?rest_route=\/wp\/v2\/product\/20015","targetHints":{"allow":["GET"]}}],"collection":[{"href":"https:\/\/baralivres.ma\/index.php?rest_route=\/wp\/v2\/product"}],"about":[{"href":"https:\/\/baralivres.ma\/index.php?rest_route=\/wp\/v2\/types\/product"}],"replies":[{"embeddable":true,"href":"https:\/\/baralivres.ma\/index.php?rest_route=%2Fwp%2Fv2%2Fcomments&post=20015"}],"version-history":[{"count":1,"href":"https:\/\/baralivres.ma\/index.php?rest_route=\/wp\/v2\/product\/20015\/revisions"}],"predecessor-version":[{"id":20026,"href":"https:\/\/baralivres.ma\/index.php?rest_route=\/wp\/v2\/product\/20015\/revisions\/20026"}],"wp:featuredmedia":[{"embeddable":true,"href":"https:\/\/baralivres.ma\/index.php?rest_route=\/wp\/v2\/media\/20025"}],"wp:attachment":[{"href":"https:\/\/baralivres.ma\/index.php?rest_route=%2Fwp%2Fv2%2Fmedia&parent=20015"}],"wp:term":[{"taxonomy":"product_cat","embeddable":true,"href":"https:\/\/baralivres.ma\/index.php?rest_route=%2Fwp%2Fv2%2Fproduct_cat&post=20015"},{"taxonomy":"product_tag","embeddable":true,"href":"https:\/\/baralivres.ma\/index.php?rest_route=%2Fwp%2Fv2%2Fproduct_tag&post=20015"}],"curies":[{"name":"wp","href":"https:\/\/api.w.org\/{rel}","templated":true}]}}