{"id":20008,"date":"2023-11-13T15:25:59","date_gmt":"2023-11-13T14:25:59","guid":{"rendered":"https:\/\/baralivres.ma\/?post_type=product&#038;p=20008"},"modified":"2024-05-05T15:33:29","modified_gmt":"2024-05-05T14:33:29","slug":"pour-les-nuls-le-teletravail-pour-les-nuls","status":"publish","type":"product","link":"https:\/\/baralivres.ma\/?product=pour-les-nuls-le-teletravail-pour-les-nuls","title":{"rendered":"Pour les Nuls &#8211; : Le T\u00e9l\u00e9travail pour les Nuls"},"content":{"rendered":"<p>Au fil des derni\u00e8res ann\u00e9es, le paysage professionnel a subi d&rsquo;importantes \u00e9volutions, marqu\u00e9es par l&rsquo;\u00e9mergence du t\u00e9l\u00e9travail. Au-del\u00e0 de la simple ex\u00e9cution des t\u00e2ches \u00e0 distance, le t\u00e9l\u00e9travail s&rsquo;int\u00e8gre d\u00e9sormais formellement dans les contrats de travail, demandant une organisation sp\u00e9cifique au sein des entreprises pour en garantir la r\u00e9ussite. Cette transition impacte l&rsquo;ensemble des acteurs, des gestionnaires aux employ\u00e9s en t\u00e9l\u00e9travail et \u00e0 ceux travaillant sur site. D\u00e9couvrez les cl\u00e9s pour : \u2022 Int\u00e9grer les aspects contractuels du t\u00e9l\u00e9travail \u2022 S&rsquo;ajuster \u00e0 cette nouvelle dynamique organisationnelle \u2022 Maintenir une coh\u00e9sion efficace au sein de l&rsquo;\u00e9quipe \u2022 G\u00e9rer efficacement un collaborateur dont le temps de travail n&rsquo;est pas enti\u00e8rement d\u00e9di\u00e9 au bureau.<\/p>\n","protected":false},"excerpt":{"rendered":"<p>Le t\u00e9l\u00e9travail, int\u00e9gr\u00e9 dans les contrats, demande organisation pour succ\u00e8s collectif et gestion efficace.<\/p>\n","protected":false},"featured_media":20013,"comment_status":"open","ping_status":"closed","template":"","meta":{"inline_featured_image":false},"product_cat":[3792,204,91],"product_tag":[],"class_list":{"0":"post-20008","1":"product","2":"type-product","3":"status-publish","4":"has-post-thumbnail","6":"product_cat-pour-les-nuls","7":"product_cat-francais","8":"product_cat-developpement","9":"pa_auteurs-nelly-magre","11":"first","12":"instock","13":"shipping-taxable","14":"purchasable","15":"product-type-simple"},"_links":{"self":[{"href":"https:\/\/baralivres.ma\/index.php?rest_route=\/wp\/v2\/product\/20008","targetHints":{"allow":["GET"]}}],"collection":[{"href":"https:\/\/baralivres.ma\/index.php?rest_route=\/wp\/v2\/product"}],"about":[{"href":"https:\/\/baralivres.ma\/index.php?rest_route=\/wp\/v2\/types\/product"}],"replies":[{"embeddable":true,"href":"https:\/\/baralivres.ma\/index.php?rest_route=%2Fwp%2Fv2%2Fcomments&post=20008"}],"version-history":[{"count":1,"href":"https:\/\/baralivres.ma\/index.php?rest_route=\/wp\/v2\/product\/20008\/revisions"}],"predecessor-version":[{"id":20016,"href":"https:\/\/baralivres.ma\/index.php?rest_route=\/wp\/v2\/product\/20008\/revisions\/20016"}],"wp:featuredmedia":[{"embeddable":true,"href":"https:\/\/baralivres.ma\/index.php?rest_route=\/wp\/v2\/media\/20013"}],"wp:attachment":[{"href":"https:\/\/baralivres.ma\/index.php?rest_route=%2Fwp%2Fv2%2Fmedia&parent=20008"}],"wp:term":[{"taxonomy":"product_cat","embeddable":true,"href":"https:\/\/baralivres.ma\/index.php?rest_route=%2Fwp%2Fv2%2Fproduct_cat&post=20008"},{"taxonomy":"product_tag","embeddable":true,"href":"https:\/\/baralivres.ma\/index.php?rest_route=%2Fwp%2Fv2%2Fproduct_tag&post=20008"}],"curies":[{"name":"wp","href":"https:\/\/api.w.org\/{rel}","templated":true}]}}