{"id":20001,"date":"2023-11-13T15:20:33","date_gmt":"2023-11-13T14:20:33","guid":{"rendered":"https:\/\/baralivres.ma\/?post_type=product&#038;p=20001"},"modified":"2023-11-13T15:20:35","modified_gmt":"2023-11-13T14:20:35","slug":"lassassin-qui-revait-dune-place-au-paradis","status":"publish","type":"product","link":"https:\/\/baralivres.ma\/?product=lassassin-qui-revait-dune-place-au-paradis","title":{"rendered":"L&rsquo;assassin qui r\u00eavait d&rsquo;une place au paradis"},"content":{"rendered":"<p>D\u00e9d\u00e9, ex-tueur pass\u00e9 trente ans derri\u00e8re les barreaux, prend une nouvelle direction. Au lieu de risquer la prison, il pr\u00e9f\u00e8re casser quelques bras pour subvenir \u00e0 ses besoins et nourrir ses partenaires inattendus, un r\u00e9ceptionniste malchanceux et une ex-femme pasteur. Leur entreprise de passage \u00e0 tabac rencontre un succ\u00e8s fulgurant, malgr\u00e9 les crises de conscience de D\u00e9d\u00e9 en pleine qu\u00eate spirituelle. Dans cette com\u00e9die absurde et truff\u00e9e de dialogues hilarants, on navigue entre Les Tontons flingueurs et Laurel et Hardy.<\/p>\n","protected":false},"excerpt":{"rendered":"<p>Allan Karlsson, centenaire, \u00e9chappe \u00e0 la maison de retraite avec 50 millions, d\u00e9clenchant une cavale hilarante.<\/p>\n","protected":false},"featured_media":20003,"comment_status":"open","ping_status":"closed","template":"","meta":{"inline_featured_image":false},"product_cat":[204,91],"product_tag":[],"class_list":{"0":"post-20001","1":"product","2":"type-product","3":"status-publish","4":"has-post-thumbnail","6":"product_cat-francais","7":"product_cat-developpement","8":"pa_auteurs-jonas-jonasson","10":"first","11":"instock","12":"shipping-taxable","13":"purchasable","14":"product-type-simple"},"_links":{"self":[{"href":"https:\/\/baralivres.ma\/index.php?rest_route=\/wp\/v2\/product\/20001","targetHints":{"allow":["GET"]}}],"collection":[{"href":"https:\/\/baralivres.ma\/index.php?rest_route=\/wp\/v2\/product"}],"about":[{"href":"https:\/\/baralivres.ma\/index.php?rest_route=\/wp\/v2\/types\/product"}],"replies":[{"embeddable":true,"href":"https:\/\/baralivres.ma\/index.php?rest_route=%2Fwp%2Fv2%2Fcomments&post=20001"}],"version-history":[{"count":1,"href":"https:\/\/baralivres.ma\/index.php?rest_route=\/wp\/v2\/product\/20001\/revisions"}],"predecessor-version":[{"id":20004,"href":"https:\/\/baralivres.ma\/index.php?rest_route=\/wp\/v2\/product\/20001\/revisions\/20004"}],"wp:featuredmedia":[{"embeddable":true,"href":"https:\/\/baralivres.ma\/index.php?rest_route=\/wp\/v2\/media\/20003"}],"wp:attachment":[{"href":"https:\/\/baralivres.ma\/index.php?rest_route=%2Fwp%2Fv2%2Fmedia&parent=20001"}],"wp:term":[{"taxonomy":"product_cat","embeddable":true,"href":"https:\/\/baralivres.ma\/index.php?rest_route=%2Fwp%2Fv2%2Fproduct_cat&post=20001"},{"taxonomy":"product_tag","embeddable":true,"href":"https:\/\/baralivres.ma\/index.php?rest_route=%2Fwp%2Fv2%2Fproduct_tag&post=20001"}],"curies":[{"name":"wp","href":"https:\/\/api.w.org\/{rel}","templated":true}]}}