{"id":19998,"date":"2023-11-13T15:12:56","date_gmt":"2023-11-13T14:12:56","guid":{"rendered":"https:\/\/baralivres.ma\/?post_type=product&#038;p=19998"},"modified":"2023-11-13T15:12:57","modified_gmt":"2023-11-13T14:12:57","slug":"le-vieux-qui-ne-voulait-pas-feter-son-anniversaire","status":"publish","type":"product","link":"https:\/\/baralivres.ma\/?product=le-vieux-qui-ne-voulait-pas-feter-son-anniversaire","title":{"rendered":"Le vieux qui ne voulait pas f\u00eater son anniversaire"},"content":{"rendered":"<p>Allan Karlsson, bien loin d&rsquo;imaginer f\u00eater son centi\u00e8me anniversaire en maison de retraite, pr\u00e9f\u00e8re l&rsquo;aventure rocambolesque. Accompagn\u00e9 d&rsquo;une valise d\u00e9rob\u00e9e contenant 50 millions de couronnes, sa cavale improbable le m\u00e8ne \u00e0 des complices insolites et une \u00e9l\u00e9phante nomm\u00e9e Sonja. Un tourbillon d&rsquo;humour noir \u00e0 savourer.<\/p>\n","protected":false},"excerpt":{"rendered":"<p>Allan Karlsson, centenaire, s&rsquo;\u00e9vade avec 50 millions, d\u00e9clenchant une cavale loufoque avec complices atypiques et une \u00e9l\u00e9phante.<\/p>\n","protected":false},"featured_media":19999,"comment_status":"open","ping_status":"closed","template":"","meta":{"inline_featured_image":false},"product_cat":[204,91],"product_tag":[],"class_list":{"0":"post-19998","1":"product","2":"type-product","3":"status-publish","4":"has-post-thumbnail","6":"product_cat-francais","7":"product_cat-developpement","8":"pa_auteurs-jonas-jonasson","10":"first","11":"instock","12":"shipping-taxable","13":"purchasable","14":"product-type-simple"},"_links":{"self":[{"href":"https:\/\/baralivres.ma\/index.php?rest_route=\/wp\/v2\/product\/19998","targetHints":{"allow":["GET"]}}],"collection":[{"href":"https:\/\/baralivres.ma\/index.php?rest_route=\/wp\/v2\/product"}],"about":[{"href":"https:\/\/baralivres.ma\/index.php?rest_route=\/wp\/v2\/types\/product"}],"replies":[{"embeddable":true,"href":"https:\/\/baralivres.ma\/index.php?rest_route=%2Fwp%2Fv2%2Fcomments&post=19998"}],"version-history":[{"count":1,"href":"https:\/\/baralivres.ma\/index.php?rest_route=\/wp\/v2\/product\/19998\/revisions"}],"predecessor-version":[{"id":20000,"href":"https:\/\/baralivres.ma\/index.php?rest_route=\/wp\/v2\/product\/19998\/revisions\/20000"}],"wp:featuredmedia":[{"embeddable":true,"href":"https:\/\/baralivres.ma\/index.php?rest_route=\/wp\/v2\/media\/19999"}],"wp:attachment":[{"href":"https:\/\/baralivres.ma\/index.php?rest_route=%2Fwp%2Fv2%2Fmedia&parent=19998"}],"wp:term":[{"taxonomy":"product_cat","embeddable":true,"href":"https:\/\/baralivres.ma\/index.php?rest_route=%2Fwp%2Fv2%2Fproduct_cat&post=19998"},{"taxonomy":"product_tag","embeddable":true,"href":"https:\/\/baralivres.ma\/index.php?rest_route=%2Fwp%2Fv2%2Fproduct_tag&post=19998"}],"curies":[{"name":"wp","href":"https:\/\/api.w.org\/{rel}","templated":true}]}}