{"id":19995,"date":"2023-11-13T15:25:26","date_gmt":"2023-11-13T14:25:26","guid":{"rendered":"https:\/\/baralivres.ma\/?post_type=product&#038;p=19995"},"modified":"2024-11-27T15:09:54","modified_gmt":"2024-11-27T14:09:54","slug":"les-jumeaux-fowl","status":"publish","type":"product","link":"https:\/\/baralivres.ma\/?product=les-jumeaux-fowl","title":{"rendered":"Les Jumeaux Fowl"},"content":{"rendered":"<p>L&rsquo;un d&rsquo;eux est un brillant esprit scientifique qui con\u00e7oit et porte exclusivement des costumes qu&rsquo;il imprime en 3D. En revanche, l&rsquo;autre nourrit le r\u00eave de vivre \u00e0 l&rsquo;\u00e9tat sauvage et de communiquer avec les animaux. Pourtant, Myles et Beckett, \u00e2g\u00e9s de onze ans, partagent le lien particulier des jumeaux. Alors que leur a\u00een\u00e9, Artemis, est en mission sur Mars, ces deux gar\u00e7ons se retrouvent seuls pour une nuit dans la luxueuse villa des Fowl. Ce laps de temps suffit pour qu&rsquo;ils se lient d&rsquo;amiti\u00e9 avec un troll, dont le venin est convoit\u00e9 par toutes les organisations secr\u00e8tes de la plan\u00e8te, qu&rsquo;elles soient humaines ou non&#8230;<\/p>\n","protected":false},"excerpt":{"rendered":"<p>Jumeaux Myles et Beckett, l&rsquo;un scientifique, l&rsquo;autre r\u00eaveur, rencontrent un troll recherch\u00e9 pendant la mission martienne d&rsquo;Artemis.<\/p>\n","protected":false},"featured_media":20010,"comment_status":"open","ping_status":"closed","template":"","meta":{"inline_featured_image":false},"product_cat":[203,204],"product_tag":[],"class_list":{"0":"post-19995","1":"product","2":"type-product","3":"status-publish","4":"has-post-thumbnail","6":"product_cat-adolescente","7":"product_cat-francais","8":"pa_auteurs-colfer","10":"first","11":"instock","12":"shipping-taxable","13":"purchasable","14":"product-type-simple"},"_links":{"self":[{"href":"https:\/\/baralivres.ma\/index.php?rest_route=\/wp\/v2\/product\/19995","targetHints":{"allow":["GET"]}}],"collection":[{"href":"https:\/\/baralivres.ma\/index.php?rest_route=\/wp\/v2\/product"}],"about":[{"href":"https:\/\/baralivres.ma\/index.php?rest_route=\/wp\/v2\/types\/product"}],"replies":[{"embeddable":true,"href":"https:\/\/baralivres.ma\/index.php?rest_route=%2Fwp%2Fv2%2Fcomments&post=19995"}],"version-history":[{"count":1,"href":"https:\/\/baralivres.ma\/index.php?rest_route=\/wp\/v2\/product\/19995\/revisions"}],"predecessor-version":[{"id":20011,"href":"https:\/\/baralivres.ma\/index.php?rest_route=\/wp\/v2\/product\/19995\/revisions\/20011"}],"wp:featuredmedia":[{"embeddable":true,"href":"https:\/\/baralivres.ma\/index.php?rest_route=\/wp\/v2\/media\/20010"}],"wp:attachment":[{"href":"https:\/\/baralivres.ma\/index.php?rest_route=%2Fwp%2Fv2%2Fmedia&parent=19995"}],"wp:term":[{"taxonomy":"product_cat","embeddable":true,"href":"https:\/\/baralivres.ma\/index.php?rest_route=%2Fwp%2Fv2%2Fproduct_cat&post=19995"},{"taxonomy":"product_tag","embeddable":true,"href":"https:\/\/baralivres.ma\/index.php?rest_route=%2Fwp%2Fv2%2Fproduct_tag&post=19995"}],"curies":[{"name":"wp","href":"https:\/\/api.w.org\/{rel}","templated":true}]}}