{"id":19981,"date":"2023-11-13T14:59:32","date_gmt":"2023-11-13T13:59:32","guid":{"rendered":"https:\/\/baralivres.ma\/?post_type=product&#038;p=19981"},"modified":"2023-11-13T14:59:33","modified_gmt":"2023-11-13T13:59:33","slug":"la-vie-apres-lego","status":"publish","type":"product","link":"https:\/\/baralivres.ma\/?product=la-vie-apres-lego","title":{"rendered":"La Vie apr\u00e8s l&rsquo;ego"},"content":{"rendered":"<p>Imaginons que nous soyons assis dans une salle de cin\u00e9ma, notre exp\u00e9rience visuelle perturb\u00e9e par une personne devant nous qui parle si fort que nous ne pouvons pas profiter du film. Cette personne, c&rsquo;est nous, ou plus pr\u00e9cis\u00e9ment, notre ego. C&rsquo;est le point de d\u00e9part de l&rsquo;approche franche et directe de Dogo Barry Graham, un moine bouddhiste \u00e9cossais. Dans un langage sans d\u00e9tours et avec des conseils percutants, il guide les lecteurs sur le chemin de la lib\u00e9ration de l&rsquo;ego, les encourageant \u00e0 se d\u00e9faire des entraves mentales et \u00e0 embrasser une vie plus claire et plus libre. Le message essentiel : tuez votre ego pour trouver une v\u00e9ritable libert\u00e9. Une m\u00e9taphore provocante pour une exploration profonde de la spiritualit\u00e9.<\/p>\n","protected":false},"excerpt":{"rendered":"<p>Lib\u00e9rez-vous de l&#8217;emprise de votre ego selon les enseignements directs et crus du moine bouddhiste \u00e9cossais.<\/p>\n","protected":false},"featured_media":19986,"comment_status":"open","ping_status":"closed","template":"","meta":{"inline_featured_image":false},"product_cat":[204,91],"product_tag":[],"class_list":{"0":"post-19981","1":"product","2":"type-product","3":"status-publish","4":"has-post-thumbnail","6":"product_cat-francais","7":"product_cat-developpement","8":"pa_auteurs-barry-graham","10":"first","11":"instock","12":"shipping-taxable","13":"purchasable","14":"product-type-simple"},"_links":{"self":[{"href":"https:\/\/baralivres.ma\/index.php?rest_route=\/wp\/v2\/product\/19981","targetHints":{"allow":["GET"]}}],"collection":[{"href":"https:\/\/baralivres.ma\/index.php?rest_route=\/wp\/v2\/product"}],"about":[{"href":"https:\/\/baralivres.ma\/index.php?rest_route=\/wp\/v2\/types\/product"}],"replies":[{"embeddable":true,"href":"https:\/\/baralivres.ma\/index.php?rest_route=%2Fwp%2Fv2%2Fcomments&post=19981"}],"version-history":[{"count":1,"href":"https:\/\/baralivres.ma\/index.php?rest_route=\/wp\/v2\/product\/19981\/revisions"}],"predecessor-version":[{"id":19987,"href":"https:\/\/baralivres.ma\/index.php?rest_route=\/wp\/v2\/product\/19981\/revisions\/19987"}],"wp:featuredmedia":[{"embeddable":true,"href":"https:\/\/baralivres.ma\/index.php?rest_route=\/wp\/v2\/media\/19986"}],"wp:attachment":[{"href":"https:\/\/baralivres.ma\/index.php?rest_route=%2Fwp%2Fv2%2Fmedia&parent=19981"}],"wp:term":[{"taxonomy":"product_cat","embeddable":true,"href":"https:\/\/baralivres.ma\/index.php?rest_route=%2Fwp%2Fv2%2Fproduct_cat&post=19981"},{"taxonomy":"product_tag","embeddable":true,"href":"https:\/\/baralivres.ma\/index.php?rest_route=%2Fwp%2Fv2%2Fproduct_tag&post=19981"}],"curies":[{"name":"wp","href":"https:\/\/api.w.org\/{rel}","templated":true}]}}