{"id":19979,"date":"2023-11-13T14:57:42","date_gmt":"2023-11-13T13:57:42","guid":{"rendered":"https:\/\/baralivres.ma\/?post_type=product&#038;p=19979"},"modified":"2024-05-05T15:34:14","modified_gmt":"2024-05-05T14:34:14","slug":"pour-les-nuls-le-dessin-poche-pour-les-nuls","status":"publish","type":"product","link":"https:\/\/baralivres.ma\/?product=pour-les-nuls-le-dessin-poche-pour-les-nuls","title":{"rendered":"Pour les Nuls &#8211; : Le Dessin Poche Pour les nuls"},"content":{"rendered":"<p>Le guide exhaustif pour les aspirants artistes !<\/p>\n<p>D\u00e9couvrez les diff\u00e9rentes dimensions du dessin, des techniques fondamentales telles que les lignes, les volumes, les ombres et les textures, aux approches plus avanc\u00e9es. Explorez les conseils judicieux pour s\u00e9lectionner le mat\u00e9riel ad\u00e9quat et approcher avec succ\u00e8s des sujets vari\u00e9s tels que les natures mortes, les portraits ou les paysages. Gr\u00e2ce \u00e0 ces conseils, bient\u00f4t, aucune facette du dessin ne vous \u00e9chappera.<\/p>\n","protected":false},"excerpt":{"rendered":"<p>Guide complet pour artistes en herbe: techniques de base, mat\u00e9riel, sujets vari\u00e9s. Natures mortes, portraits, paysages.<\/p>\n","protected":false},"featured_media":19982,"comment_status":"open","ping_status":"closed","template":"","meta":{"inline_featured_image":false},"product_cat":[3792,204,91],"product_tag":[],"class_list":{"0":"post-19979","1":"product","2":"type-product","3":"status-publish","4":"has-post-thumbnail","6":"product_cat-pour-les-nuls","7":"product_cat-francais","8":"product_cat-developpement","9":"pa_auteurs-brenda-hoddinott","11":"first","12":"instock","13":"shipping-taxable","14":"purchasable","15":"product-type-simple"},"_links":{"self":[{"href":"https:\/\/baralivres.ma\/index.php?rest_route=\/wp\/v2\/product\/19979","targetHints":{"allow":["GET"]}}],"collection":[{"href":"https:\/\/baralivres.ma\/index.php?rest_route=\/wp\/v2\/product"}],"about":[{"href":"https:\/\/baralivres.ma\/index.php?rest_route=\/wp\/v2\/types\/product"}],"replies":[{"embeddable":true,"href":"https:\/\/baralivres.ma\/index.php?rest_route=%2Fwp%2Fv2%2Fcomments&post=19979"}],"version-history":[{"count":1,"href":"https:\/\/baralivres.ma\/index.php?rest_route=\/wp\/v2\/product\/19979\/revisions"}],"predecessor-version":[{"id":19983,"href":"https:\/\/baralivres.ma\/index.php?rest_route=\/wp\/v2\/product\/19979\/revisions\/19983"}],"wp:featuredmedia":[{"embeddable":true,"href":"https:\/\/baralivres.ma\/index.php?rest_route=\/wp\/v2\/media\/19982"}],"wp:attachment":[{"href":"https:\/\/baralivres.ma\/index.php?rest_route=%2Fwp%2Fv2%2Fmedia&parent=19979"}],"wp:term":[{"taxonomy":"product_cat","embeddable":true,"href":"https:\/\/baralivres.ma\/index.php?rest_route=%2Fwp%2Fv2%2Fproduct_cat&post=19979"},{"taxonomy":"product_tag","embeddable":true,"href":"https:\/\/baralivres.ma\/index.php?rest_route=%2Fwp%2Fv2%2Fproduct_tag&post=19979"}],"curies":[{"name":"wp","href":"https:\/\/api.w.org\/{rel}","templated":true}]}}