{"id":19968,"date":"2023-11-13T14:51:28","date_gmt":"2023-11-13T13:51:28","guid":{"rendered":"https:\/\/baralivres.ma\/?post_type=product&#038;p=19968"},"modified":"2023-11-13T14:53:58","modified_gmt":"2023-11-13T13:53:58","slug":"wake-up-2","status":"publish","type":"product","link":"https:\/\/baralivres.ma\/?product=wake-up-2","title":{"rendered":"Wake up !"},"content":{"rendered":"<p>Christine Lewicki, coach d&rsquo;entreprise certifi\u00e9e et conf\u00e9renci\u00e8re, fondatrice de O Coaching Inc., guide chacun vers une vie extraordinaire. Elle propose un programme personnalis\u00e9 pour sortir de la routine et r\u00e9v\u00e9ler votre potentiel. Passez \u00e0 l&rsquo;action et cr\u00e9ez votre vie (extra)ordinaire !<\/p>\n","protected":false},"excerpt":{"rendered":"<p>Programme de Christine Lewicki pour sortir de la routine, r\u00e9v\u00e9ler le potentiel et cr\u00e9er une vie extraordinaire.<\/p>\n","protected":false},"featured_media":19971,"comment_status":"open","ping_status":"closed","template":"","meta":{"inline_featured_image":false},"product_cat":[204,91],"product_tag":[],"class_list":{"0":"post-19968","1":"product","2":"type-product","3":"status-publish","4":"has-post-thumbnail","6":"product_cat-francais","7":"product_cat-developpement","8":"pa_auteurs-christine-lewicki","10":"first","11":"instock","12":"shipping-taxable","13":"purchasable","14":"product-type-simple"},"_links":{"self":[{"href":"https:\/\/baralivres.ma\/index.php?rest_route=\/wp\/v2\/product\/19968","targetHints":{"allow":["GET"]}}],"collection":[{"href":"https:\/\/baralivres.ma\/index.php?rest_route=\/wp\/v2\/product"}],"about":[{"href":"https:\/\/baralivres.ma\/index.php?rest_route=\/wp\/v2\/types\/product"}],"replies":[{"embeddable":true,"href":"https:\/\/baralivres.ma\/index.php?rest_route=%2Fwp%2Fv2%2Fcomments&post=19968"}],"version-history":[{"count":1,"href":"https:\/\/baralivres.ma\/index.php?rest_route=\/wp\/v2\/product\/19968\/revisions"}],"predecessor-version":[{"id":19972,"href":"https:\/\/baralivres.ma\/index.php?rest_route=\/wp\/v2\/product\/19968\/revisions\/19972"}],"wp:featuredmedia":[{"embeddable":true,"href":"https:\/\/baralivres.ma\/index.php?rest_route=\/wp\/v2\/media\/19971"}],"wp:attachment":[{"href":"https:\/\/baralivres.ma\/index.php?rest_route=%2Fwp%2Fv2%2Fmedia&parent=19968"}],"wp:term":[{"taxonomy":"product_cat","embeddable":true,"href":"https:\/\/baralivres.ma\/index.php?rest_route=%2Fwp%2Fv2%2Fproduct_cat&post=19968"},{"taxonomy":"product_tag","embeddable":true,"href":"https:\/\/baralivres.ma\/index.php?rest_route=%2Fwp%2Fv2%2Fproduct_tag&post=19968"}],"curies":[{"name":"wp","href":"https:\/\/api.w.org\/{rel}","templated":true}]}}