{"id":19964,"date":"2023-11-13T14:52:08","date_gmt":"2023-11-13T13:52:08","guid":{"rendered":"https:\/\/baralivres.ma\/?post_type=product&#038;p=19964"},"modified":"2024-11-27T15:10:34","modified_gmt":"2024-11-27T14:10:34","slug":"les-enquetes-dhermes-tome-1-le-mystere-dedale","status":"publish","type":"product","link":"https:\/\/baralivres.ma\/?product=les-enquetes-dhermes-tome-1-le-mystere-dedale","title":{"rendered":"Les enqu\u00eates d&rsquo;Herm\u00e8s &#8211; Tome 1 : Le myst\u00e8re D\u00e9dale"},"content":{"rendered":"<p>La mort de D\u00e9dale, l&rsquo;architecte renomm\u00e9, demeure un myst\u00e8re entour\u00e9 de suspects nombreux. En tant que cr\u00e9ateur du d\u00e9dale qui emprisonna le Minotaure, il s&rsquo;\u00e9tait attir\u00e9 de nombreux ennemis. Seul Herm\u00e8s, le dieu astucieux, peut r\u00e9soudre cette \u00e9nigme, m\u00eame s&rsquo;il doit s&rsquo;aventurer jusque dans les Enfers pour d\u00e9voiler la v\u00e9rit\u00e9&#8230;<\/p>\n","protected":false},"excerpt":{"rendered":"<p>Meurtre de D\u00e9dale, architecte du labyrinthe. Herm\u00e8s, dieu malin, enqu\u00eate jusqu&rsquo;aux Enfers pour d\u00e9couvrir la v\u00e9rit\u00e9.<\/p>\n","protected":false},"featured_media":19974,"comment_status":"open","ping_status":"closed","template":"","meta":{"inline_featured_image":false},"product_cat":[203,204],"product_tag":[],"class_list":{"0":"post-19964","1":"product","2":"type-product","3":"status-publish","4":"has-post-thumbnail","6":"product_cat-adolescente","7":"product_cat-francais","8":"pa_auteurs-richard-normando","10":"first","11":"instock","12":"shipping-taxable","13":"purchasable","14":"product-type-simple"},"_links":{"self":[{"href":"https:\/\/baralivres.ma\/index.php?rest_route=\/wp\/v2\/product\/19964","targetHints":{"allow":["GET"]}}],"collection":[{"href":"https:\/\/baralivres.ma\/index.php?rest_route=\/wp\/v2\/product"}],"about":[{"href":"https:\/\/baralivres.ma\/index.php?rest_route=\/wp\/v2\/types\/product"}],"replies":[{"embeddable":true,"href":"https:\/\/baralivres.ma\/index.php?rest_route=%2Fwp%2Fv2%2Fcomments&post=19964"}],"version-history":[{"count":2,"href":"https:\/\/baralivres.ma\/index.php?rest_route=\/wp\/v2\/product\/19964\/revisions"}],"predecessor-version":[{"id":19977,"href":"https:\/\/baralivres.ma\/index.php?rest_route=\/wp\/v2\/product\/19964\/revisions\/19977"}],"wp:featuredmedia":[{"embeddable":true,"href":"https:\/\/baralivres.ma\/index.php?rest_route=\/wp\/v2\/media\/19974"}],"wp:attachment":[{"href":"https:\/\/baralivres.ma\/index.php?rest_route=%2Fwp%2Fv2%2Fmedia&parent=19964"}],"wp:term":[{"taxonomy":"product_cat","embeddable":true,"href":"https:\/\/baralivres.ma\/index.php?rest_route=%2Fwp%2Fv2%2Fproduct_cat&post=19964"},{"taxonomy":"product_tag","embeddable":true,"href":"https:\/\/baralivres.ma\/index.php?rest_route=%2Fwp%2Fv2%2Fproduct_tag&post=19964"}],"curies":[{"name":"wp","href":"https:\/\/api.w.org\/{rel}","templated":true}]}}