{"id":19957,"date":"2023-11-13T14:47:34","date_gmt":"2023-11-13T13:47:34","guid":{"rendered":"https:\/\/baralivres.ma\/?post_type=product&#038;p=19957"},"modified":"2023-11-13T14:47:35","modified_gmt":"2023-11-13T13:47:35","slug":"le-bug-humain","status":"publish","type":"product","link":"https:\/\/baralivres.ma\/?product=le-bug-humain","title":{"rendered":"Le Bug humain"},"content":{"rendered":"<p>D\u00e9couvrez comment notre cerveau, malgr\u00e9 sa conception extraordinaire, peut devenir notre propre ennemi en r\u00e9clamant constamment plus de nourriture, de sexe et de pouvoir. S\u00e9bastien Bohler explore ce bug c\u00e9r\u00e9bral et propose des solutions pour reprendre le contr\u00f4le de notre destin.<\/p>\n","protected":false},"excerpt":{"rendered":"<p>\u00ab\u00a0R\u00e9veillez l&rsquo;intelligence de votre corps. La m\u00e9thode de la kin\u00e9siologie pour une vie \u00e9panouissante et saine.\u00a0\u00bb<\/p>\n","protected":false},"featured_media":19962,"comment_status":"open","ping_status":"closed","template":"","meta":{"inline_featured_image":false},"product_cat":[204,91],"product_tag":[],"class_list":{"0":"post-19957","1":"product","2":"type-product","3":"status-publish","4":"has-post-thumbnail","6":"product_cat-francais","7":"product_cat-developpement","8":"pa_auteurs-sebastien-bohler","10":"first","11":"instock","12":"shipping-taxable","13":"purchasable","14":"product-type-simple"},"_links":{"self":[{"href":"https:\/\/baralivres.ma\/index.php?rest_route=\/wp\/v2\/product\/19957","targetHints":{"allow":["GET"]}}],"collection":[{"href":"https:\/\/baralivres.ma\/index.php?rest_route=\/wp\/v2\/product"}],"about":[{"href":"https:\/\/baralivres.ma\/index.php?rest_route=\/wp\/v2\/types\/product"}],"replies":[{"embeddable":true,"href":"https:\/\/baralivres.ma\/index.php?rest_route=%2Fwp%2Fv2%2Fcomments&post=19957"}],"version-history":[{"count":1,"href":"https:\/\/baralivres.ma\/index.php?rest_route=\/wp\/v2\/product\/19957\/revisions"}],"predecessor-version":[{"id":19966,"href":"https:\/\/baralivres.ma\/index.php?rest_route=\/wp\/v2\/product\/19957\/revisions\/19966"}],"wp:featuredmedia":[{"embeddable":true,"href":"https:\/\/baralivres.ma\/index.php?rest_route=\/wp\/v2\/media\/19962"}],"wp:attachment":[{"href":"https:\/\/baralivres.ma\/index.php?rest_route=%2Fwp%2Fv2%2Fmedia&parent=19957"}],"wp:term":[{"taxonomy":"product_cat","embeddable":true,"href":"https:\/\/baralivres.ma\/index.php?rest_route=%2Fwp%2Fv2%2Fproduct_cat&post=19957"},{"taxonomy":"product_tag","embeddable":true,"href":"https:\/\/baralivres.ma\/index.php?rest_route=%2Fwp%2Fv2%2Fproduct_tag&post=19957"}],"curies":[{"name":"wp","href":"https:\/\/api.w.org\/{rel}","templated":true}]}}