{"id":19946,"date":"2023-11-13T14:45:42","date_gmt":"2023-11-13T13:45:42","guid":{"rendered":"https:\/\/baralivres.ma\/?post_type=product&#038;p=19946"},"modified":"2024-11-27T15:10:49","modified_gmt":"2024-11-27T14:10:49","slug":"la-vie-suspendue-tome-1-tobie-lolness","status":"publish","type":"product","link":"https:\/\/baralivres.ma\/?product=la-vie-suspendue-tome-1-tobie-lolness","title":{"rendered":"La vie suspendue Tome 1 : Tobie Lolness"},"content":{"rendered":"<p>Parmi les feuillages, \u00e9puis\u00e9 et avec les pieds ensanglant\u00e9s, Tobie Lolness s&rsquo;enfuit, poursuivi par les membres de sa propre communaut\u00e9. Mesurant \u00e0 peine un millim\u00e8tre et demi, Tobie appartient \u00e0 un peuple qui r\u00e9side dans le grand ch\u00eane depuis des g\u00e9n\u00e9rations. Suite au refus de son p\u00e8re de divulguer le secret d&rsquo;une invention r\u00e9volutionnaire, leur famille a \u00e9t\u00e9 bannie et emprisonn\u00e9e. Tobie est le seul \u00e0 avoir r\u00e9ussi \u00e0 \u00e9chapper \u00e0 cette situation. Cependant, la question demeure : combien de temps pourra-t-il rester libre ?<\/p>\n","protected":false},"excerpt":{"rendered":"<p>Tobie Lolness, minuscule fugitif, \u00e9chappe \u00e0 la pers\u00e9cution familiale apr\u00e8s le bannissement d\u00fb \u00e0 une invention.<\/p>\n","protected":false},"featured_media":19951,"comment_status":"open","ping_status":"closed","template":"","meta":{"inline_featured_image":false},"product_cat":[203,204],"product_tag":[],"class_list":{"0":"post-19946","1":"product","2":"type-product","3":"status-publish","4":"has-post-thumbnail","6":"product_cat-adolescente","7":"product_cat-francais","8":"pa_auteurs-timothee-de-fombelle-2","10":"first","11":"instock","12":"shipping-taxable","13":"purchasable","14":"product-type-simple"},"_links":{"self":[{"href":"https:\/\/baralivres.ma\/index.php?rest_route=\/wp\/v2\/product\/19946","targetHints":{"allow":["GET"]}}],"collection":[{"href":"https:\/\/baralivres.ma\/index.php?rest_route=\/wp\/v2\/product"}],"about":[{"href":"https:\/\/baralivres.ma\/index.php?rest_route=\/wp\/v2\/types\/product"}],"replies":[{"embeddable":true,"href":"https:\/\/baralivres.ma\/index.php?rest_route=%2Fwp%2Fv2%2Fcomments&post=19946"}],"version-history":[{"count":1,"href":"https:\/\/baralivres.ma\/index.php?rest_route=\/wp\/v2\/product\/19946\/revisions"}],"predecessor-version":[{"id":19959,"href":"https:\/\/baralivres.ma\/index.php?rest_route=\/wp\/v2\/product\/19946\/revisions\/19959"}],"wp:featuredmedia":[{"embeddable":true,"href":"https:\/\/baralivres.ma\/index.php?rest_route=\/wp\/v2\/media\/19951"}],"wp:attachment":[{"href":"https:\/\/baralivres.ma\/index.php?rest_route=%2Fwp%2Fv2%2Fmedia&parent=19946"}],"wp:term":[{"taxonomy":"product_cat","embeddable":true,"href":"https:\/\/baralivres.ma\/index.php?rest_route=%2Fwp%2Fv2%2Fproduct_cat&post=19946"},{"taxonomy":"product_tag","embeddable":true,"href":"https:\/\/baralivres.ma\/index.php?rest_route=%2Fwp%2Fv2%2Fproduct_tag&post=19946"}],"curies":[{"name":"wp","href":"https:\/\/api.w.org\/{rel}","templated":true}]}}