{"id":19944,"date":"2023-11-13T14:43:01","date_gmt":"2023-11-13T13:43:01","guid":{"rendered":"https:\/\/baralivres.ma\/?post_type=product&#038;p=19944"},"modified":"2023-11-13T14:43:03","modified_gmt":"2023-11-13T13:43:03","slug":"les-gestes-de-la-confiance-en-soi","status":"publish","type":"product","link":"https:\/\/baralivres.ma\/?product=les-gestes-de-la-confiance-en-soi","title":{"rendered":"Les gestes de la confiance en soi"},"content":{"rendered":"<p>La Programmation neuro-gestuelle, d\u00e9velopp\u00e9e par Joseph et Caroline Messinger, offre un parcours d&rsquo;apprentissage pour d\u00e9crypter et adopter les gestes du succ\u00e8s. Fond\u00e9e sur le principe que la r\u00e9ussite peut \u00eatre cultiv\u00e9e, cette approche permet de comprendre les attitudes qui fa\u00e7onnent le succ\u00e8s, offrant ainsi la possibilit\u00e9 de transformer votre vie et de reprendre le contr\u00f4le de votre destin. Joseph Messinger, psychologue et expert en symbolique gestuelle, a laiss\u00e9 un h\u00e9ritage important dans le domaine, tandis que Caroline Messinger, sp\u00e9cialiste du d\u00e9cryptage verbal, contribue \u00e0 enrichir cette exploration des signaux non verbaux du succ\u00e8s.<\/p>\n","protected":false},"excerpt":{"rendered":"<p>D\u00e9couvrez la Programmation Neuro-Gestuelle pour adopter les gestes du succ\u00e8s et transformer votre vie positivement.<\/p>\n","protected":false},"featured_media":19952,"comment_status":"open","ping_status":"closed","template":"","meta":{"inline_featured_image":false},"product_cat":[204,91],"product_tag":[],"class_list":{"0":"post-19944","1":"product","2":"type-product","3":"status-publish","4":"has-post-thumbnail","6":"product_cat-francais","7":"product_cat-developpement","8":"pa_auteurs-joseph-messinger","10":"first","11":"instock","12":"shipping-taxable","13":"purchasable","14":"product-type-simple"},"_links":{"self":[{"href":"https:\/\/baralivres.ma\/index.php?rest_route=\/wp\/v2\/product\/19944","targetHints":{"allow":["GET"]}}],"collection":[{"href":"https:\/\/baralivres.ma\/index.php?rest_route=\/wp\/v2\/product"}],"about":[{"href":"https:\/\/baralivres.ma\/index.php?rest_route=\/wp\/v2\/types\/product"}],"replies":[{"embeddable":true,"href":"https:\/\/baralivres.ma\/index.php?rest_route=%2Fwp%2Fv2%2Fcomments&post=19944"}],"version-history":[{"count":1,"href":"https:\/\/baralivres.ma\/index.php?rest_route=\/wp\/v2\/product\/19944\/revisions"}],"predecessor-version":[{"id":19953,"href":"https:\/\/baralivres.ma\/index.php?rest_route=\/wp\/v2\/product\/19944\/revisions\/19953"}],"wp:featuredmedia":[{"embeddable":true,"href":"https:\/\/baralivres.ma\/index.php?rest_route=\/wp\/v2\/media\/19952"}],"wp:attachment":[{"href":"https:\/\/baralivres.ma\/index.php?rest_route=%2Fwp%2Fv2%2Fmedia&parent=19944"}],"wp:term":[{"taxonomy":"product_cat","embeddable":true,"href":"https:\/\/baralivres.ma\/index.php?rest_route=%2Fwp%2Fv2%2Fproduct_cat&post=19944"},{"taxonomy":"product_tag","embeddable":true,"href":"https:\/\/baralivres.ma\/index.php?rest_route=%2Fwp%2Fv2%2Fproduct_tag&post=19944"}],"curies":[{"name":"wp","href":"https:\/\/api.w.org\/{rel}","templated":true}]}}