{"id":19933,"date":"2023-11-13T14:38:46","date_gmt":"2023-11-13T13:38:46","guid":{"rendered":"https:\/\/baralivres.ma\/?post_type=product&#038;p=19933"},"modified":"2023-11-13T14:38:47","modified_gmt":"2023-11-13T13:38:47","slug":"human-psycho","status":"publish","type":"product","link":"https:\/\/baralivres.ma\/?product=human-psycho","title":{"rendered":"Human psycho"},"content":{"rendered":"<p>S\u00e9bastien Bohler propose une hypoth\u00e8se audacieuse dans son essai : l&rsquo;humanit\u00e9, en proie \u00e0 des comportements psychopathiques, menace la plan\u00e8te. Il explore les raisons du manque d&#8217;empathie, de la sup\u00e9riorit\u00e9 per\u00e7ue et des cons\u00e9quences d\u00e9sastreuses de nos actions. Pour \u00e9viter la catastrophe, il sugg\u00e8re de soigner notre \u00ab\u00a0psychose\u00a0\u00bb collective.<\/p>\n","protected":false},"excerpt":{"rendered":"<p>S\u00e9bastien Bohler explore l&rsquo;hypoth\u00e8se d&rsquo;une \u00ab\u00a0psychose\u00a0\u00bb collective humaine, source de destruction plan\u00e9taire, appelant \u00e0 la gu\u00e9rison.<\/p>\n","protected":false},"featured_media":19942,"comment_status":"open","ping_status":"closed","template":"","meta":{"inline_featured_image":false},"product_cat":[204,91],"product_tag":[],"class_list":{"0":"post-19933","1":"product","2":"type-product","3":"status-publish","4":"has-post-thumbnail","6":"product_cat-francais","7":"product_cat-developpement","8":"pa_auteurs-sebastien-bohler","10":"first","11":"instock","12":"shipping-taxable","13":"purchasable","14":"product-type-simple"},"_links":{"self":[{"href":"https:\/\/baralivres.ma\/index.php?rest_route=\/wp\/v2\/product\/19933","targetHints":{"allow":["GET"]}}],"collection":[{"href":"https:\/\/baralivres.ma\/index.php?rest_route=\/wp\/v2\/product"}],"about":[{"href":"https:\/\/baralivres.ma\/index.php?rest_route=\/wp\/v2\/types\/product"}],"replies":[{"embeddable":true,"href":"https:\/\/baralivres.ma\/index.php?rest_route=%2Fwp%2Fv2%2Fcomments&post=19933"}],"version-history":[{"count":1,"href":"https:\/\/baralivres.ma\/index.php?rest_route=\/wp\/v2\/product\/19933\/revisions"}],"predecessor-version":[{"id":19943,"href":"https:\/\/baralivres.ma\/index.php?rest_route=\/wp\/v2\/product\/19933\/revisions\/19943"}],"wp:featuredmedia":[{"embeddable":true,"href":"https:\/\/baralivres.ma\/index.php?rest_route=\/wp\/v2\/media\/19942"}],"wp:attachment":[{"href":"https:\/\/baralivres.ma\/index.php?rest_route=%2Fwp%2Fv2%2Fmedia&parent=19933"}],"wp:term":[{"taxonomy":"product_cat","embeddable":true,"href":"https:\/\/baralivres.ma\/index.php?rest_route=%2Fwp%2Fv2%2Fproduct_cat&post=19933"},{"taxonomy":"product_tag","embeddable":true,"href":"https:\/\/baralivres.ma\/index.php?rest_route=%2Fwp%2Fv2%2Fproduct_tag&post=19933"}],"curies":[{"name":"wp","href":"https:\/\/api.w.org\/{rel}","templated":true}]}}