{"id":19930,"date":"2023-11-13T14:36:08","date_gmt":"2023-11-13T13:36:08","guid":{"rendered":"https:\/\/baralivres.ma\/?post_type=product&#038;p=19930"},"modified":"2023-11-13T14:42:36","modified_gmt":"2023-11-13T13:42:36","slug":"trouver-son-propre-chemin","status":"publish","type":"product","link":"https:\/\/baralivres.ma\/?product=trouver-son-propre-chemin","title":{"rendered":"Trouver son propre chemin"},"content":{"rendered":"<p>Isabelle Filliozat offre un guide en 60 \u00e9tapes pour apprendre \u00e0 s&rsquo;aimer et \u00e0 se r\u00e9aliser. Psychoth\u00e9rapeute et \u00e9crivaine, elle explore les sens, les \u00e9motions, et encourage \u00e0 accomplir ses r\u00eaves. Ce livre est une ressource pr\u00e9cieuse pour trouver son propre chemin et donner un sens \u00e0 sa vie. La d\u00e9marche de l&rsquo;auteure, m\u00ealant pratique de la m\u00e9ditation, recherche clinique, et approche scientifique, offre une perspective holistique sur la qu\u00eate du sens de la vie.<\/p>\n","protected":false},"excerpt":{"rendered":"<p>Guide de 60 \u00e9tapes d&rsquo;Isabelle Filliozat pour s&rsquo;aimer, se r\u00e9aliser, explorer \u00e9motions et accomplir r\u00eaves.<\/p>\n","protected":false},"featured_media":19934,"comment_status":"open","ping_status":"closed","template":"","meta":{"inline_featured_image":false},"product_cat":[204,91],"product_tag":[],"class_list":{"0":"post-19930","1":"product","2":"type-product","3":"status-publish","4":"has-post-thumbnail","6":"product_cat-francais","7":"product_cat-developpement","8":"pa_auteurs-isabelle-filliozat","10":"first","11":"instock","12":"shipping-taxable","13":"purchasable","14":"product-type-simple"},"_links":{"self":[{"href":"https:\/\/baralivres.ma\/index.php?rest_route=\/wp\/v2\/product\/19930","targetHints":{"allow":["GET"]}}],"collection":[{"href":"https:\/\/baralivres.ma\/index.php?rest_route=\/wp\/v2\/product"}],"about":[{"href":"https:\/\/baralivres.ma\/index.php?rest_route=\/wp\/v2\/types\/product"}],"replies":[{"embeddable":true,"href":"https:\/\/baralivres.ma\/index.php?rest_route=%2Fwp%2Fv2%2Fcomments&post=19930"}],"version-history":[{"count":1,"href":"https:\/\/baralivres.ma\/index.php?rest_route=\/wp\/v2\/product\/19930\/revisions"}],"predecessor-version":[{"id":19935,"href":"https:\/\/baralivres.ma\/index.php?rest_route=\/wp\/v2\/product\/19930\/revisions\/19935"}],"wp:featuredmedia":[{"embeddable":true,"href":"https:\/\/baralivres.ma\/index.php?rest_route=\/wp\/v2\/media\/19934"}],"wp:attachment":[{"href":"https:\/\/baralivres.ma\/index.php?rest_route=%2Fwp%2Fv2%2Fmedia&parent=19930"}],"wp:term":[{"taxonomy":"product_cat","embeddable":true,"href":"https:\/\/baralivres.ma\/index.php?rest_route=%2Fwp%2Fv2%2Fproduct_cat&post=19930"},{"taxonomy":"product_tag","embeddable":true,"href":"https:\/\/baralivres.ma\/index.php?rest_route=%2Fwp%2Fv2%2Fproduct_tag&post=19930"}],"curies":[{"name":"wp","href":"https:\/\/api.w.org\/{rel}","templated":true}]}}