{"id":19916,"date":"2023-11-13T14:30:49","date_gmt":"2023-11-13T13:30:49","guid":{"rendered":"https:\/\/baralivres.ma\/?post_type=product&#038;p=19916"},"modified":"2023-11-13T14:32:31","modified_gmt":"2023-11-13T13:32:31","slug":"ces-trahisons-qui-nous-liberent","status":"publish","type":"product","link":"https:\/\/baralivres.ma\/?product=ces-trahisons-qui-nous-liberent","title":{"rendered":"Ces trahisons qui nous lib\u00e8rent"},"content":{"rendered":"<p>L&rsquo;auteur encourage \u00e0 d\u00e9construire les contraintes de loyaut\u00e9 culturelles pour une red\u00e9finition personnelle et un bien-\u00eatre. Il explore la n\u00e9cessit\u00e9 parfois lib\u00e9ratrice de trahir des liens, expliquant comment cette trahison peut \u00eatre vertueuse pour rester fid\u00e8le \u00e0 soi-m\u00eame. Le livre aborde la peur associ\u00e9e \u00e0 dire non, \u00e0 couper des ponts, et \u00e0 se r\u00e9inventer. Il d\u00e9voile comment la trahison peut \u00eatre un moyen d&rsquo;\u00e9mancipation en brisant les sch\u00e9mas inconscients qui nous retiennent. En apprenant l&rsquo;art de ne plus se trahir, on retrouve sa place dans les relations et s&rsquo;affranchit des entraves limitantes. Une r\u00e9flexion sur la loyaut\u00e9 authentique envers soi-m\u00eame.<\/p>\n","protected":false},"excerpt":{"rendered":"<p>Lib\u00e9rez-vous des attentes culturelles, explorez la trahison lib\u00e9ratrice pour forger une loyaut\u00e9 \u00e0 soi-m\u00eame authentique.<\/p>\n","protected":false},"featured_media":19926,"comment_status":"open","ping_status":"closed","template":"","meta":{"inline_featured_image":false},"product_cat":[204,91],"product_tag":[],"class_list":{"0":"post-19916","1":"product","2":"type-product","3":"status-publish","4":"has-post-thumbnail","6":"product_cat-francais","7":"product_cat-developpement","8":"pa_auteurs-nicole-prieur","10":"first","11":"instock","12":"shipping-taxable","13":"purchasable","14":"product-type-simple"},"_links":{"self":[{"href":"https:\/\/baralivres.ma\/index.php?rest_route=\/wp\/v2\/product\/19916","targetHints":{"allow":["GET"]}}],"collection":[{"href":"https:\/\/baralivres.ma\/index.php?rest_route=\/wp\/v2\/product"}],"about":[{"href":"https:\/\/baralivres.ma\/index.php?rest_route=\/wp\/v2\/types\/product"}],"replies":[{"embeddable":true,"href":"https:\/\/baralivres.ma\/index.php?rest_route=%2Fwp%2Fv2%2Fcomments&post=19916"}],"version-history":[{"count":1,"href":"https:\/\/baralivres.ma\/index.php?rest_route=\/wp\/v2\/product\/19916\/revisions"}],"predecessor-version":[{"id":19925,"href":"https:\/\/baralivres.ma\/index.php?rest_route=\/wp\/v2\/product\/19916\/revisions\/19925"}],"wp:featuredmedia":[{"embeddable":true,"href":"https:\/\/baralivres.ma\/index.php?rest_route=\/wp\/v2\/media\/19926"}],"wp:attachment":[{"href":"https:\/\/baralivres.ma\/index.php?rest_route=%2Fwp%2Fv2%2Fmedia&parent=19916"}],"wp:term":[{"taxonomy":"product_cat","embeddable":true,"href":"https:\/\/baralivres.ma\/index.php?rest_route=%2Fwp%2Fv2%2Fproduct_cat&post=19916"},{"taxonomy":"product_tag","embeddable":true,"href":"https:\/\/baralivres.ma\/index.php?rest_route=%2Fwp%2Fv2%2Fproduct_tag&post=19916"}],"curies":[{"name":"wp","href":"https:\/\/api.w.org\/{rel}","templated":true}]}}