{"id":19915,"date":"2023-11-13T14:28:17","date_gmt":"2023-11-13T13:28:17","guid":{"rendered":"https:\/\/baralivres.ma\/?post_type=product&#038;p=19915"},"modified":"2023-11-13T14:34:59","modified_gmt":"2023-11-13T13:34:59","slug":"ou-est-le-sens","status":"publish","type":"product","link":"https:\/\/baralivres.ma\/?product=ou-est-le-sens","title":{"rendered":"O\u00f9 est le sens ?"},"content":{"rendered":"<p>Dans un monde confront\u00e9 \u00e0 des crises environnementales majeures, S\u00e9bastien Bohler offre une perspective d&rsquo;espoir en soulignant le r\u00f4le crucial de notre cortex cingulaire, un centre nerveux qui nous incite \u00e0 donner du sens \u00e0 nos vies. Il sugg\u00e8re que cette qu\u00eate de sens peut orienter notre soci\u00e9t\u00e9 vers la coh\u00e9rence, la signification et la connexion, offrant ainsi une alternative \u00e0 la croissance aveugle et d\u00e9l\u00e9t\u00e8re. L&rsquo;auteur, docteur en neurosciences et r\u00e9dacteur en chef de Cerveau &amp; Psycho, invite chacun \u00e0 r\u00e9activer cette ressource enfouie au plus profond de notre cerveau pour contribuer \u00e0 un avenir plus prometteur.<\/p>\n","protected":false},"excerpt":{"rendered":"<p>Notre cerveau, le cortex cingulaire, peut rediriger nos vies vers la coh\u00e9rence, la signification et la connexion.<\/p>\n","protected":false},"featured_media":19923,"comment_status":"open","ping_status":"closed","template":"","meta":{"inline_featured_image":false},"product_cat":[204,91],"product_tag":[],"class_list":{"0":"post-19915","1":"product","2":"type-product","3":"status-publish","4":"has-post-thumbnail","6":"product_cat-francais","7":"product_cat-developpement","8":"pa_auteurs-sebastien-bohler","10":"first","11":"instock","12":"shipping-taxable","13":"purchasable","14":"product-type-simple"},"_links":{"self":[{"href":"https:\/\/baralivres.ma\/index.php?rest_route=\/wp\/v2\/product\/19915","targetHints":{"allow":["GET"]}}],"collection":[{"href":"https:\/\/baralivres.ma\/index.php?rest_route=\/wp\/v2\/product"}],"about":[{"href":"https:\/\/baralivres.ma\/index.php?rest_route=\/wp\/v2\/types\/product"}],"replies":[{"embeddable":true,"href":"https:\/\/baralivres.ma\/index.php?rest_route=%2Fwp%2Fv2%2Fcomments&post=19915"}],"version-history":[{"count":1,"href":"https:\/\/baralivres.ma\/index.php?rest_route=\/wp\/v2\/product\/19915\/revisions"}],"predecessor-version":[{"id":19924,"href":"https:\/\/baralivres.ma\/index.php?rest_route=\/wp\/v2\/product\/19915\/revisions\/19924"}],"wp:featuredmedia":[{"embeddable":true,"href":"https:\/\/baralivres.ma\/index.php?rest_route=\/wp\/v2\/media\/19923"}],"wp:attachment":[{"href":"https:\/\/baralivres.ma\/index.php?rest_route=%2Fwp%2Fv2%2Fmedia&parent=19915"}],"wp:term":[{"taxonomy":"product_cat","embeddable":true,"href":"https:\/\/baralivres.ma\/index.php?rest_route=%2Fwp%2Fv2%2Fproduct_cat&post=19915"},{"taxonomy":"product_tag","embeddable":true,"href":"https:\/\/baralivres.ma\/index.php?rest_route=%2Fwp%2Fv2%2Fproduct_tag&post=19915"}],"curies":[{"name":"wp","href":"https:\/\/api.w.org\/{rel}","templated":true}]}}