{"id":19896,"date":"2023-11-13T14:39:49","date_gmt":"2023-11-13T13:39:49","guid":{"rendered":"https:\/\/baralivres.ma\/?post_type=product&#038;p=19896"},"modified":"2024-11-27T15:12:40","modified_gmt":"2024-11-27T14:12:40","slug":"croc-blanc-2","status":"publish","type":"product","link":"https:\/\/baralivres.ma\/?product=croc-blanc-2","title":{"rendered":"Croc-Blanc"},"content":{"rendered":"<p>Croc-Blanc, un chien-loup \u00e9voluant uniquement dans la nature sauvage du Grand Nord, voit sa vie prendre un tournant brutal lors de sa rencontre avec les humains. Captur\u00e9, il est contraint de devenir chien d&rsquo;attelage, puis devient une cr\u00e9ature de combat sous la f\u00e9rule d&rsquo;un ma\u00eetre cruel. La question se pose alors : l&rsquo;instinct du loup ou celui du chien pr\u00e9vaudra-t-il ?<\/p>\n","protected":false},"excerpt":{"rendered":"<p>Croc-Blanc, chien-loup du Grand Nord, captur\u00e9, devient chien d&rsquo;attelage puis b\u00eate de combat, entre instincts conflictuels.<\/p>\n","protected":false},"featured_media":19941,"comment_status":"open","ping_status":"closed","template":"","meta":{"inline_featured_image":false},"product_cat":[203,204],"product_tag":[],"class_list":{"0":"post-19896","1":"product","2":"type-product","3":"status-publish","4":"has-post-thumbnail","6":"product_cat-adolescente","7":"product_cat-francais","8":"pa_auteurs-jack-london","10":"first","11":"instock","12":"shipping-taxable","13":"purchasable","14":"product-type-simple"},"_links":{"self":[{"href":"https:\/\/baralivres.ma\/index.php?rest_route=\/wp\/v2\/product\/19896","targetHints":{"allow":["GET"]}}],"collection":[{"href":"https:\/\/baralivres.ma\/index.php?rest_route=\/wp\/v2\/product"}],"about":[{"href":"https:\/\/baralivres.ma\/index.php?rest_route=\/wp\/v2\/types\/product"}],"replies":[{"embeddable":true,"href":"https:\/\/baralivres.ma\/index.php?rest_route=%2Fwp%2Fv2%2Fcomments&post=19896"}],"version-history":[{"count":1,"href":"https:\/\/baralivres.ma\/index.php?rest_route=\/wp\/v2\/product\/19896\/revisions"}],"predecessor-version":[{"id":19945,"href":"https:\/\/baralivres.ma\/index.php?rest_route=\/wp\/v2\/product\/19896\/revisions\/19945"}],"wp:featuredmedia":[{"embeddable":true,"href":"https:\/\/baralivres.ma\/index.php?rest_route=\/wp\/v2\/media\/19941"}],"wp:attachment":[{"href":"https:\/\/baralivres.ma\/index.php?rest_route=%2Fwp%2Fv2%2Fmedia&parent=19896"}],"wp:term":[{"taxonomy":"product_cat","embeddable":true,"href":"https:\/\/baralivres.ma\/index.php?rest_route=%2Fwp%2Fv2%2Fproduct_cat&post=19896"},{"taxonomy":"product_tag","embeddable":true,"href":"https:\/\/baralivres.ma\/index.php?rest_route=%2Fwp%2Fv2%2Fproduct_tag&post=19896"}],"curies":[{"name":"wp","href":"https:\/\/api.w.org\/{rel}","templated":true}]}}